{"id":1253,"date":"2018-10-04T09:14:13","date_gmt":"2018-10-04T09:14:13","guid":{"rendered":"https:\/\/ipn-headsets.com\/uber\/"},"modified":"2024-08-20T08:03:29","modified_gmt":"2024-08-20T08:03:29","slug":"uber","status":"publish","type":"page","link":"https:\/\/ipn-headsets.com\/de\/uber\/","title":{"rendered":"\u00dcber IPN"},"content":{"rendered":"\t\t<div data-elementor-type=\"wp-post\" data-elementor-id=\"1253\" class=\"elementor elementor-1253 elementor-234\">\n\t\t\t\t\t\t<section class=\"elementor-section elementor-top-section elementor-element elementor-element-cec220f elementor-section-boxed elementor-section-height-default elementor-section-height-default\" data-id=\"cec220f\" data-element_type=\"section\">\n\t\t\t\t\t\t<div class=\"elementor-container elementor-column-gap-default\">\n\t\t\t\t\t<div class=\"elementor-column elementor-col-100 elementor-top-column elementor-element elementor-element-6396969\" data-id=\"6396969\" data-element_type=\"column\">\n\t\t\t<div class=\"elementor-widget-wrap elementor-element-populated\">\n\t\t\t\t\t\t<div class=\"elementor-element elementor-element-cc0e70e elementor-widget elementor-widget-spacer\" data-id=\"cc0e70e\" data-element_type=\"widget\" data-widget_type=\"spacer.default\">\n\t\t\t\t<div class=\"elementor-widget-container\">\n\t\t\t\t\t<div class=\"elementor-spacer\">\n\t\t\t<div class=\"elementor-spacer-inner\"><\/div>\n\t\t<\/div>\n\t\t\t\t<\/div>\n\t\t\t\t<\/div>\n\t\t\t\t\t<\/div>\n\t\t<\/div>\n\t\t\t\t\t<\/div>\n\t\t<\/section>\n\t\t\t\t<section class=\"elementor-section elementor-top-section elementor-element elementor-element-7d9a412 elementor-section-boxed elementor-section-height-default elementor-section-height-default\" data-id=\"7d9a412\" data-element_type=\"section\">\n\t\t\t\t\t\t<div class=\"elementor-container elementor-column-gap-default\">\n\t\t\t\t\t<div class=\"elementor-column elementor-col-100 elementor-top-column elementor-element elementor-element-28c42ca\" data-id=\"28c42ca\" data-element_type=\"column\">\n\t\t\t<div class=\"elementor-widget-wrap elementor-element-populated\">\n\t\t\t\t\t\t<div class=\"elementor-element elementor-element-cc54250 elementor-widget elementor-widget-heading\" data-id=\"cc54250\" data-element_type=\"widget\" data-widget_type=\"heading.default\">\n\t\t\t\t<div class=\"elementor-widget-container\">\n\t\t\t<h3 class=\"elementor-heading-title elementor-size-default\">\u00dcber IPN<\/h3>\t\t<\/div>\n\t\t\t\t<\/div>\n\t\t\t\t<div class=\"elementor-element elementor-element-d5ececd elementor-widget-divider--view-line elementor-widget elementor-widget-divider\" data-id=\"d5ececd\" data-element_type=\"widget\" data-widget_type=\"divider.default\">\n\t\t\t\t<div class=\"elementor-widget-container\">\n\t\t\t\t\t<div class=\"elementor-divider\">\n\t\t\t<span class=\"elementor-divider-separator\">\n\t\t\t\t\t\t<\/span>\n\t\t<\/div>\n\t\t\t\t<\/div>\n\t\t\t\t<\/div>\n\t\t\t\t\t<\/div>\n\t\t<\/div>\n\t\t\t\t\t<\/div>\n\t\t<\/section>\n\t\t\t\t<section class=\"elementor-section elementor-top-section elementor-element elementor-element-2c56d64 elementor-section-boxed elementor-section-height-default elementor-section-height-default\" data-id=\"2c56d64\" data-element_type=\"section\">\n\t\t\t\t\t\t<div class=\"elementor-container elementor-column-gap-extended\">\n\t\t\t\t\t<div class=\"elementor-column elementor-col-50 elementor-top-column elementor-element elementor-element-44aa82b\" data-id=\"44aa82b\" data-element_type=\"column\">\n\t\t\t<div class=\"elementor-widget-wrap elementor-element-populated\">\n\t\t\t\t\t\t<div class=\"elementor-element elementor-element-07ff1f6 elementor-widget elementor-widget-text-editor\" data-id=\"07ff1f6\" data-element_type=\"widget\" data-widget_type=\"text-editor.default\">\n\t\t\t\t<div class=\"elementor-widget-container\">\n\t\t\t\t\t\t\t<p>IPN Telecom ist ein f\u00fchrender Anbieter professioneller Telekommunikationshardware f\u00fcr den weltweiten Business-to-Business-Markt. Das Unternehmen beliefert seine Kunden von seinem Hauptsitz in Wijchen (Niederlande) aus mit Headsets und verwandten Telekommunikationsprodukten. IPN Telecom wurde 2009 gegr\u00fcndet und ist heute weltweit aktiv, wobei die Eigenmarke IPN Headsets f\u00fchrend ist.<\/p>\n<p><strong>Die St\u00e4rke von IPN Telecom<\/strong><br \/>\nDer Erfolg von IPN Telecom ist auf die Kombination aus einer umfassenden Palette hochwertiger Produkte und einer starken Organisation zur\u00fcckzuf\u00fchren. Die Kommunikationswege innerhalb des Unternehmens sind kurz, was zu einem hohen Serviceniveau und schnellen Lieferungen f\u00fchrt. IPN Telecom verf\u00fcgt \u00fcber umfangreiche Erfahrung in der Telekommunikationsbranche, kennt die Marktanforderungen gut und wird von seinen Kunden als kompetenter Partner f\u00fcr Telekommunikationsger\u00e4te angesehen.<\/p>\n\t\t\t\t\t\t<\/div>\n\t\t\t\t<\/div>\n\t\t\t\t\t<\/div>\n\t\t<\/div>\n\t\t\t\t<div class=\"elementor-column elementor-col-50 elementor-top-column elementor-element elementor-element-e755be6\" data-id=\"e755be6\" data-element_type=\"column\">\n\t\t\t<div class=\"elementor-widget-wrap elementor-element-populated\">\n\t\t\t\t\t\t<div class=\"elementor-element elementor-element-17be6a6 elementor-widget elementor-widget-video\" data-id=\"17be6a6\" data-element_type=\"widget\" data-settings=\"{&quot;video_type&quot;:&quot;vimeo&quot;,&quot;autoplay&quot;:&quot;yes&quot;}\" data-widget_type=\"video.default\">\n\t\t\t\t<div class=\"elementor-widget-container\">\n\t\t\t\t\t<div class=\"elementor-wrapper elementor-open-inline\">\n\t\t\t<iframe class=\"elementor-video-iframe\" allowfullscreen allow=\"autoplay\" title=\"vimeo Video Player\" src=\"https:\/\/player.vimeo.com\/video\/92231668?autoplay=1&amp;color&amp;autopause=0&amp;loop=0&amp;muted=0&amp;title=0&amp;portrait=0&amp;byline=0#t=\"><\/iframe>\t\t<\/div>\n\t\t\t\t<\/div>\n\t\t\t\t<\/div>\n\t\t\t\t\t<\/div>\n\t\t<\/div>\n\t\t\t\t\t<\/div>\n\t\t<\/section>\n\t\t\t\t<section class=\"elementor-section elementor-top-section elementor-element elementor-element-8b96932 elementor-section-boxed elementor-section-height-default elementor-section-height-default\" data-id=\"8b96932\" data-element_type=\"section\">\n\t\t\t\t\t\t<div class=\"elementor-container elementor-column-gap-extended\">\n\t\t\t\t\t<div class=\"elementor-column elementor-col-100 elementor-top-column elementor-element elementor-element-1699377\" data-id=\"1699377\" data-element_type=\"column\">\n\t\t\t<div class=\"elementor-widget-wrap elementor-element-populated\">\n\t\t\t\t\t\t<div class=\"elementor-element elementor-element-23beeaa elementor-widget elementor-widget-text-editor\" data-id=\"23beeaa\" data-element_type=\"widget\" data-widget_type=\"text-editor.default\">\n\t\t\t\t<div class=\"elementor-widget-container\">\n\t\t\t\t\t\t\t<p><strong>Produktentwicklung<\/strong><br \/>\nDie Produktentwicklung ist f\u00fcr IPN Telecom von gr\u00f6\u00dfter Bedeutung. Durch Investitionen in Forschung und Entwicklung wird die Produktpalette des Unternehmens jedes Jahr erweitert und verbessert.<\/p>\n<p><strong>Ziel von IPN Telecom<\/strong><br \/>\nUnser Ziel ist es, eine Produktpalette anzubieten, die Qualit\u00e4t, Funktionalit\u00e4t, umfassende Funktionen und preisg\u00fcnstige Ger\u00e4te bietet, mit denen Sie ein erfolgreiches Gesch\u00e4ft aufbauen k\u00f6nnen.<\/p>\n<p><strong>IPN-Headsets<\/strong><br \/>\nIPN-Headsets l\u00e4uten eine neue \u00c4ra in Sachen Qualit\u00e4t und Funktionalit\u00e4t auf dem Headset-Markt ein. Dies umfasst kabelgebundene und kabellose Headsets, die im Einklang mit modernster Ger\u00e4uschunterdr\u00fcckungstechnologie und Ergonomie entwickelt wurden. Neben der Produktinnovation ist auch das Design ein charakteristisches Merkmal der IPN-Headset-Reihe.<\/p>\n<p>IPN-Headsets stellt auch die Leitner-Headsets, die kabellosen Accutone-Headsets und die Agent-Headsets her.<\/p>\n\t\t\t\t\t\t<\/div>\n\t\t\t\t<\/div>\n\t\t\t\t\t<\/div>\n\t\t<\/div>\n\t\t\t\t\t<\/div>\n\t\t<\/section>\n\t\t\t\t<section class=\"elementor-section elementor-top-section elementor-element elementor-element-f968895 elementor-section-boxed elementor-section-height-default elementor-section-height-default\" data-id=\"f968895\" data-element_type=\"section\">\n\t\t\t\t\t\t<div class=\"elementor-container elementor-column-gap-default\">\n\t\t\t\t\t<div class=\"elementor-column elementor-col-100 elementor-top-column elementor-element elementor-element-d53dff2\" data-id=\"d53dff2\" data-element_type=\"column\">\n\t\t\t<div class=\"elementor-widget-wrap elementor-element-populated\">\n\t\t\t\t\t\t<div class=\"elementor-element elementor-element-9307479 elementor-widget elementor-widget-spacer\" data-id=\"9307479\" data-element_type=\"widget\" data-widget_type=\"spacer.default\">\n\t\t\t\t<div class=\"elementor-widget-container\">\n\t\t\t\t\t<div class=\"elementor-spacer\">\n\t\t\t<div class=\"elementor-spacer-inner\"><\/div>\n\t\t<\/div>\n\t\t\t\t<\/div>\n\t\t\t\t<\/div>\n\t\t\t\t\t<\/div>\n\t\t<\/div>\n\t\t\t\t\t<\/div>\n\t\t<\/section>\n\t\t\t\t<\/div>\n\t\t","protected":false},"excerpt":{"rendered":"<p>\u00dcber IPN IPN Telecom ist ein f\u00fchrender Anbieter professioneller Telekommunikationshardware f\u00fcr den weltweiten Business-to-Business-Markt. Das Unternehmen beliefert seine Kunden von seinem Hauptsitz in Wijchen (Niederlande) aus mit Headsets und verwandten Telekommunikationsprodukten. IPN Telecom wurde 2009 gegr\u00fcndet und ist heute weltweit aktiv, wobei die Eigenmarke IPN Headsets f\u00fchrend ist. Die St\u00e4rke von IPN Telecom Der Erfolg &hellip;<\/p>\n<p class=\"read-more\"> <a class=\"\" href=\"https:\/\/ipn-headsets.com\/de\/uber\/\"> <span class=\"screen-reader-text\">\u00dcber IPN<\/span> Weiterlesen &raquo;<\/a><\/p>\n","protected":false},"author":1,"featured_media":0,"parent":0,"menu_order":0,"comment_status":"closed","ping_status":"closed","template":"templates\/builder-fullwidth-std.php","meta":{"site-sidebar-layout":"no-sidebar","site-content-layout":"plain-container","ast-main-header-display":"","ast-hfb-above-header-display":"","ast-hfb-below-header-display":"","ast-hfb-mobile-header-display":"","site-post-title":"disabled","ast-breadcrumbs-content":"","ast-featured-img":"disabled","footer-sml-layout":"","theme-transparent-header-meta":"default","adv-header-id-meta":"","stick-header-meta":"","header-above-stick-meta":"","header-main-stick-meta":"","header-below-stick-meta":"","footnotes":""},"class_list":["post-1253","page","type-page","status-publish","hentry"],"yoast_head":"<!-- This site is optimized with the Yoast SEO plugin v27.3 - https:\/\/yoast.com\/product\/yoast-seo-wordpress\/ -->\n<title>\u00dcber IPN - IPN Headsets<\/title>\n<meta name=\"description\" content=\"\u00dcber IPN\" \/>\n<meta name=\"robots\" content=\"index, follow, max-snippet:-1, max-image-preview:large, max-video-preview:-1\" \/>\n<link rel=\"canonical\" href=\"https:\/\/ipn-headsets.com\/about\/\" \/>\n<meta property=\"og:locale\" content=\"de_DE\" \/>\n<meta property=\"og:type\" content=\"article\" \/>\n<meta property=\"og:title\" content=\"\u00dcber IPN - IPN Headsets\" \/>\n<meta property=\"og:description\" content=\"\u00dcber IPN\" \/>\n<meta property=\"og:url\" content=\"https:\/\/ipn-headsets.com\/about\/\" \/>\n<meta property=\"og:site_name\" content=\"IPN Headsets\" \/>\n<meta property=\"article:modified_time\" content=\"2024-08-20T08:03:29+00:00\" \/>\n<meta name=\"twitter:card\" content=\"summary_large_image\" \/>\n<meta name=\"twitter:label1\" content=\"Gesch\u00e4tzte Lesezeit\" \/>\n\t<meta name=\"twitter:data1\" content=\"1\u00a0Minute\" \/>\n<script type=\"application\/ld+json\" class=\"yoast-schema-graph\">{\"@context\":\"https:\\\/\\\/schema.org\",\"@graph\":[{\"@type\":\"WebPage\",\"@id\":\"https:\\\/\\\/ipn-headsets.com\\\/about\\\/\",\"url\":\"https:\\\/\\\/ipn-headsets.com\\\/about\\\/\",\"name\":\"\u00dcber IPN - IPN Headsets\",\"isPartOf\":{\"@id\":\"https:\\\/\\\/ipn-headsets.com\\\/#website\"},\"datePublished\":\"2018-10-04T09:14:13+00:00\",\"dateModified\":\"2024-08-20T08:03:29+00:00\",\"description\":\"\u00dcber IPN\",\"breadcrumb\":{\"@id\":\"https:\\\/\\\/ipn-headsets.com\\\/about\\\/#breadcrumb\"},\"inLanguage\":\"de\",\"potentialAction\":[{\"@type\":\"ReadAction\",\"target\":[\"https:\\\/\\\/ipn-headsets.com\\\/about\\\/\"]}]},{\"@type\":\"BreadcrumbList\",\"@id\":\"https:\\\/\\\/ipn-headsets.com\\\/about\\\/#breadcrumb\",\"itemListElement\":[{\"@type\":\"ListItem\",\"position\":1,\"name\":\"Home\",\"item\":\"https:\\\/\\\/ipn-headsets.com\\\/de\\\/\"},{\"@type\":\"ListItem\",\"position\":2,\"name\":\"\u00dcber IPN\"}]},{\"@type\":\"WebSite\",\"@id\":\"https:\\\/\\\/ipn-headsets.com\\\/#website\",\"url\":\"https:\\\/\\\/ipn-headsets.com\\\/\",\"name\":\"IPN Headsets\",\"description\":\"\",\"publisher\":{\"@id\":\"https:\\\/\\\/ipn-headsets.com\\\/#organization\"},\"potentialAction\":[{\"@type\":\"SearchAction\",\"target\":{\"@type\":\"EntryPoint\",\"urlTemplate\":\"https:\\\/\\\/ipn-headsets.com\\\/?s={search_term_string}\"},\"query-input\":{\"@type\":\"PropertyValueSpecification\",\"valueRequired\":true,\"valueName\":\"search_term_string\"}}],\"inLanguage\":\"de\"},{\"@type\":\"Organization\",\"@id\":\"https:\\\/\\\/ipn-headsets.com\\\/#organization\",\"name\":\"IPN Headsets\",\"url\":\"https:\\\/\\\/ipn-headsets.com\\\/\",\"logo\":{\"@type\":\"ImageObject\",\"inLanguage\":\"de\",\"@id\":\"https:\\\/\\\/ipn-headsets.com\\\/#\\\/schema\\\/logo\\\/image\\\/\",\"url\":\"https:\\\/\\\/ipn-headsets.com\\\/wp-content\\\/uploads\\\/2018\\\/06\\\/cropped-logo.jpg\",\"contentUrl\":\"https:\\\/\\\/ipn-headsets.com\\\/wp-content\\\/uploads\\\/2018\\\/06\\\/cropped-logo.jpg\",\"width\":160,\"height\":107,\"caption\":\"IPN Headsets\"},\"image\":{\"@id\":\"https:\\\/\\\/ipn-headsets.com\\\/#\\\/schema\\\/logo\\\/image\\\/\"}}]}<\/script>\n<!-- \/ Yoast SEO plugin. -->","yoast_head_json":{"title":"\u00dcber IPN - IPN Headsets","description":"\u00dcber IPN","robots":{"index":"index","follow":"follow","max-snippet":"max-snippet:-1","max-image-preview":"max-image-preview:large","max-video-preview":"max-video-preview:-1"},"canonical":"https:\/\/ipn-headsets.com\/about\/","og_locale":"de_DE","og_type":"article","og_title":"\u00dcber IPN - IPN Headsets","og_description":"\u00dcber IPN","og_url":"https:\/\/ipn-headsets.com\/about\/","og_site_name":"IPN Headsets","article_modified_time":"2024-08-20T08:03:29+00:00","twitter_card":"summary_large_image","twitter_misc":{"Gesch\u00e4tzte Lesezeit":"1\u00a0Minute"},"schema":{"@context":"https:\/\/schema.org","@graph":[{"@type":"WebPage","@id":"https:\/\/ipn-headsets.com\/about\/","url":"https:\/\/ipn-headsets.com\/about\/","name":"\u00dcber IPN - IPN Headsets","isPartOf":{"@id":"https:\/\/ipn-headsets.com\/#website"},"datePublished":"2018-10-04T09:14:13+00:00","dateModified":"2024-08-20T08:03:29+00:00","description":"\u00dcber IPN","breadcrumb":{"@id":"https:\/\/ipn-headsets.com\/about\/#breadcrumb"},"inLanguage":"de","potentialAction":[{"@type":"ReadAction","target":["https:\/\/ipn-headsets.com\/about\/"]}]},{"@type":"BreadcrumbList","@id":"https:\/\/ipn-headsets.com\/about\/#breadcrumb","itemListElement":[{"@type":"ListItem","position":1,"name":"Home","item":"https:\/\/ipn-headsets.com\/de\/"},{"@type":"ListItem","position":2,"name":"\u00dcber IPN"}]},{"@type":"WebSite","@id":"https:\/\/ipn-headsets.com\/#website","url":"https:\/\/ipn-headsets.com\/","name":"IPN Headsets","description":"","publisher":{"@id":"https:\/\/ipn-headsets.com\/#organization"},"potentialAction":[{"@type":"SearchAction","target":{"@type":"EntryPoint","urlTemplate":"https:\/\/ipn-headsets.com\/?s={search_term_string}"},"query-input":{"@type":"PropertyValueSpecification","valueRequired":true,"valueName":"search_term_string"}}],"inLanguage":"de"},{"@type":"Organization","@id":"https:\/\/ipn-headsets.com\/#organization","name":"IPN Headsets","url":"https:\/\/ipn-headsets.com\/","logo":{"@type":"ImageObject","inLanguage":"de","@id":"https:\/\/ipn-headsets.com\/#\/schema\/logo\/image\/","url":"https:\/\/ipn-headsets.com\/wp-content\/uploads\/2018\/06\/cropped-logo.jpg","contentUrl":"https:\/\/ipn-headsets.com\/wp-content\/uploads\/2018\/06\/cropped-logo.jpg","width":160,"height":107,"caption":"IPN Headsets"},"image":{"@id":"https:\/\/ipn-headsets.com\/#\/schema\/logo\/image\/"}}]}},"_links":{"self":[{"href":"https:\/\/ipn-headsets.com\/de\/wp-json\/wp\/v2\/pages\/1253","targetHints":{"allow":["GET"]}}],"collection":[{"href":"https:\/\/ipn-headsets.com\/de\/wp-json\/wp\/v2\/pages"}],"about":[{"href":"https:\/\/ipn-headsets.com\/de\/wp-json\/wp\/v2\/types\/page"}],"author":[{"embeddable":true,"href":"https:\/\/ipn-headsets.com\/de\/wp-json\/wp\/v2\/users\/1"}],"replies":[{"embeddable":true,"href":"https:\/\/ipn-headsets.com\/de\/wp-json\/wp\/v2\/comments?post=1253"}],"version-history":[{"count":11,"href":"https:\/\/ipn-headsets.com\/de\/wp-json\/wp\/v2\/pages\/1253\/revisions"}],"predecessor-version":[{"id":4304,"href":"https:\/\/ipn-headsets.com\/de\/wp-json\/wp\/v2\/pages\/1253\/revisions\/4304"}],"wp:attachment":[{"href":"https:\/\/ipn-headsets.com\/de\/wp-json\/wp\/v2\/media?parent=1253"}],"curies":[{"name":"wp","href":"https:\/\/api.w.org\/{rel}","templated":true}]}}