{"id":1289,"date":"2018-10-04T11:54:04","date_gmt":"2018-10-04T11:54:04","guid":{"rendered":"https:\/\/ipn-headsets.com\/h950\/"},"modified":"2021-01-22T12:46:34","modified_gmt":"2021-01-22T12:46:34","slug":"h950","status":"publish","type":"page","link":"https:\/\/ipn-headsets.com\/de\/h950\/","title":{"rendered":"H950"},"content":{"rendered":"\t\t<div data-elementor-type=\"wp-post\" data-elementor-id=\"1289\" class=\"elementor elementor-1289 elementor-281\">\n\t\t\t\t\t\t<section class=\"elementor-section elementor-top-section elementor-element elementor-element-cf8f350 elementor-section-content-middle elementor-section-boxed elementor-section-height-default elementor-section-height-default\" data-id=\"cf8f350\" data-element_type=\"section\">\n\t\t\t\t\t\t<div class=\"elementor-container elementor-column-gap-default\">\n\t\t\t\t\t<div class=\"elementor-column elementor-col-50 elementor-top-column elementor-element elementor-element-6e0b1c6\" data-id=\"6e0b1c6\" data-element_type=\"column\">\n\t\t\t<div class=\"elementor-widget-wrap elementor-element-populated\">\n\t\t\t\t\t\t<div class=\"elementor-element elementor-element-3d1a800 elementor-widget elementor-widget-heading\" data-id=\"3d1a800\" data-element_type=\"widget\" data-widget_type=\"heading.default\">\n\t\t\t\t<div class=\"elementor-widget-container\">\n\t\t\t<h3 class=\"elementor-heading-title elementor-size-default\">IPN H950<\/h3>\t\t<\/div>\n\t\t\t\t<\/div>\n\t\t\t\t<div class=\"elementor-element elementor-element-0f14784 elementor-widget-divider--view-line elementor-widget elementor-widget-divider\" data-id=\"0f14784\" data-element_type=\"widget\" data-widget_type=\"divider.default\">\n\t\t\t\t<div class=\"elementor-widget-container\">\n\t\t\t\t\t<div class=\"elementor-divider\">\n\t\t\t<span class=\"elementor-divider-separator\">\n\t\t\t\t\t\t<\/span>\n\t\t<\/div>\n\t\t\t\t<\/div>\n\t\t\t\t<\/div>\n\t\t\t\t<div class=\"elementor-element elementor-element-9cb0fef elementor-widget elementor-widget-text-editor\" data-id=\"9cb0fef\" data-element_type=\"widget\" data-widget_type=\"text-editor.default\">\n\t\t\t\t<div class=\"elementor-widget-container\">\n\t\t\t\t\t\t\t<p>Das schnurgebundene binaurale (beidohrige) IPN H950 Headset wurde speziell f\u00fcr die Nutzung im B\u00fcro und f\u00fcr die professionelle Call-Center-Umgebung entwickelt.<\/p>\n<p>Ein hoher Tragekomfort wird durch die Leichtigkeit, die perfekte Passform und das bequeme (austauschbare) Lederohrkissen gew\u00e4hrleistet.<\/p>\n<p>Dank der standardm\u00e4\u00dfig vorhandenen Noise-Cancelling-Technologie wird jederzeit sichergestellt, dass der Gespr\u00e4chspartner nur Sie h\u00f6rt, nicht aber st\u00f6rende Umgebungsger\u00e4usche.<\/p>\n<p>Das IPN H950 Headset verf\u00fcgt \u00fcber ein besonderes Konfigurationssystem, wodurch das Headset mit fast allen f\u00fchrenden Desktop-Telefonen und Headset- Zubeh\u00f6rteilen kompatibel ist.<\/p>\n<p>Die unteren Verbindungskabel sind in 2,5 mm, 3,5 mm und in USB verf\u00fcgbar.<\/p>\n\t\t\t\t\t\t<\/div>\n\t\t\t\t<\/div>\n\t\t\t\t\t<\/div>\n\t\t<\/div>\n\t\t\t\t<div class=\"elementor-column elementor-col-50 elementor-top-column elementor-element elementor-element-b565899\" data-id=\"b565899\" data-element_type=\"column\">\n\t\t\t<div class=\"elementor-widget-wrap elementor-element-populated\">\n\t\t\t\t\t\t<div class=\"elementor-element elementor-element-f7bfe33 elementor-arrows-position-inside elementor-pagination-position-outside elementor-widget elementor-widget-image-carousel\" data-id=\"f7bfe33\" data-element_type=\"widget\" data-settings=\"{&quot;slides_to_show&quot;:&quot;1&quot;,&quot;navigation&quot;:&quot;both&quot;,&quot;autoplay&quot;:&quot;yes&quot;,&quot;pause_on_hover&quot;:&quot;yes&quot;,&quot;pause_on_interaction&quot;:&quot;yes&quot;,&quot;autoplay_speed&quot;:5000,&quot;infinite&quot;:&quot;yes&quot;,&quot;effect&quot;:&quot;slide&quot;,&quot;speed&quot;:500}\" data-widget_type=\"image-carousel.default\">\n\t\t\t\t<div class=\"elementor-widget-container\">\n\t\t\t\t\t<div class=\"elementor-image-carousel-wrapper swiper\" dir=\"ltr\">\n\t\t\t<div class=\"elementor-image-carousel swiper-wrapper\" aria-live=\"off\">\n\t\t\t\t\t\t\t\t<div class=\"swiper-slide\" role=\"group\" aria-roledescription=\"slide\" aria-label=\"1 von 1\"><a data-elementor-open-lightbox=\"yes\" data-elementor-lightbox-slideshow=\"f7bfe33\" data-elementor-lightbox-title=\"IPN H950\" data-e-action-hash=\"#elementor-action%3Aaction%3Dlightbox%26settings%3DeyJpZCI6MzgxLCJ1cmwiOiJodHRwczpcL1wvaXBuLWhlYWRzZXRzLmNvbVwvd3AtY29udGVudFwvdXBsb2Fkc1wvMjAxOFwvMDhcL0lQTi1IOTUwLnBuZyIsInNsaWRlc2hvdyI6ImY3YmZlMzMifQ%3D%3D\" href=\"https:\/\/ipn-headsets.com\/wp-content\/uploads\/2018\/08\/IPN-H950.png\"><figure class=\"swiper-slide-inner\"><img decoding=\"async\" class=\"swiper-slide-image\" src=\"https:\/\/ipn-headsets.com\/wp-content\/uploads\/2018\/08\/IPN-H950-212x300.png\" alt=\"IPN H950\" \/><\/figure><\/a><\/div>\t\t\t<\/div>\n\t\t\t\t\t<\/div>\n\t\t\t\t<\/div>\n\t\t\t\t<\/div>\n\t\t\t\t\t<\/div>\n\t\t<\/div>\n\t\t\t\t\t<\/div>\n\t\t<\/section>\n\t\t\t\t<section class=\"elementor-section elementor-top-section elementor-element elementor-element-b368d23 elementor-section-boxed elementor-section-height-default elementor-section-height-default\" data-id=\"b368d23\" data-element_type=\"section\">\n\t\t\t\t\t\t<div class=\"elementor-container elementor-column-gap-default\">\n\t\t\t\t\t<div class=\"elementor-column elementor-col-100 elementor-top-column elementor-element elementor-element-3d85b97\" data-id=\"3d85b97\" data-element_type=\"column\">\n\t\t\t<div class=\"elementor-widget-wrap elementor-element-populated\">\n\t\t\t\t\t\t<div class=\"elementor-element elementor-element-c110037 elementor-widget elementor-widget-accordion\" data-id=\"c110037\" data-element_type=\"widget\" data-widget_type=\"accordion.default\">\n\t\t\t\t<div class=\"elementor-widget-container\">\n\t\t\t\t\t<div class=\"elementor-accordion\">\n\t\t\t\t\t\t\t<div class=\"elementor-accordion-item\">\n\t\t\t\t\t<div id=\"elementor-tab-title-2021\" class=\"elementor-tab-title\" data-tab=\"1\" role=\"button\" aria-controls=\"elementor-tab-content-2021\" aria-expanded=\"false\">\n\t\t\t\t\t\t\t\t\t\t\t\t\t<span class=\"elementor-accordion-icon elementor-accordion-icon-left\" aria-hidden=\"true\">\n\t\t\t\t\t\t\t\t\t\t\t\t\t\t\t<span class=\"elementor-accordion-icon-closed\"><svg class=\"e-font-icon-svg e-fas-plus\" viewBox=\"0 0 448 512\" xmlns=\"http:\/\/www.w3.org\/2000\/svg\"><path d=\"M416 208H272V64c0-17.67-14.33-32-32-32h-32c-17.67 0-32 14.33-32 32v144H32c-17.67 0-32 14.33-32 32v32c0 17.67 14.33 32 32 32h144v144c0 17.67 14.33 32 32 32h32c17.67 0 32-14.33 32-32V304h144c17.67 0 32-14.33 32-32v-32c0-17.67-14.33-32-32-32z\"><\/path><\/svg><\/span>\n\t\t\t\t\t\t\t\t<span class=\"elementor-accordion-icon-opened\"><svg class=\"e-font-icon-svg e-fas-minus\" viewBox=\"0 0 448 512\" xmlns=\"http:\/\/www.w3.org\/2000\/svg\"><path d=\"M416 208H32c-17.67 0-32 14.33-32 32v32c0 17.67 14.33 32 32 32h384c17.67 0 32-14.33 32-32v-32c0-17.67-14.33-32-32-32z\"><\/path><\/svg><\/span>\n\t\t\t\t\t\t\t\t\t\t\t\t\t\t<\/span>\n\t\t\t\t\t\t\t\t\t\t\t\t<a class=\"elementor-accordion-title\" tabindex=\"0\">Technische Daten<\/a>\n\t\t\t\t\t<\/div>\n\t\t\t\t\t<div id=\"elementor-tab-content-2021\" class=\"elementor-tab-content elementor-clearfix\" data-tab=\"1\" role=\"region\" aria-labelledby=\"elementor-tab-title-2021\"><table id=\"tablepress-35\" class=\"tablepress tablepress-id-35\">\n<tbody>\n<tr class=\"row-1\">\n<td class=\"column-1\">Externe Tasten<br \/>\nund Anschl\u00fcsse<\/td>\n<td class=\"column-2\">Universelle Schnelltrennkupplung (QD) passend f\u00fcr die meisten bekannten QD-Marken<\/td>\n<\/tr>\n<tr class=\"row-2\">\n<td class=\"column-1\">Funktionen<\/td>\n<td class=\"column-2\">Flexibler Mikrofonarm<br \/>\nVerstellbarer \u00dcberkopfb\u00fcgel<br \/>\nDie Kabelkonfiguration ist umschaltbar auf Quick Disconnect (QD)<\/td>\n<\/tr>\n<tr class=\"row-3\">\n<td class=\"column-1\">Technik<\/td>\n<td class=\"column-2\">Noise Cancelling- Mikrofon<br \/>\nEntspricht dem TIA -920 -Standard<\/td>\n<\/tr>\n<tr class=\"row-4\">\n<td class=\"column-1\">Garantie<\/td>\n<td class=\"column-2\">2 Jahre<\/td>\n<\/tr>\n<tr class=\"row-5\">\n<td class=\"column-1\">Die Box enth\u00e4lt<\/td>\n<td class=\"column-2\">Headset<\/td>\n<\/tr>\n<\/tbody>\n<\/table>\n<\/div>\n\t\t\t\t<\/div>\n\t\t\t\t\t\t\t\t<\/div>\n\t\t\t\t<\/div>\n\t\t\t\t<\/div>\n\t\t\t\t<div class=\"elementor-element elementor-element-2de67d9 elementor-widget elementor-widget-spacer\" data-id=\"2de67d9\" data-element_type=\"widget\" data-widget_type=\"spacer.default\">\n\t\t\t\t<div class=\"elementor-widget-container\">\n\t\t\t\t\t<div class=\"elementor-spacer\">\n\t\t\t<div class=\"elementor-spacer-inner\"><\/div>\n\t\t<\/div>\n\t\t\t\t<\/div>\n\t\t\t\t<\/div>\n\t\t\t\t\t<\/div>\n\t\t<\/div>\n\t\t\t\t\t<\/div>\n\t\t<\/section>\n\t\t\t\t<section class=\"elementor-section elementor-top-section elementor-element elementor-element-5a4deaf1 elementor-section-boxed elementor-section-height-default elementor-section-height-default\" data-id=\"5a4deaf1\" data-element_type=\"section\" id=\"h950-downloads\">\n\t\t\t\t\t\t<div class=\"elementor-container elementor-column-gap-default\">\n\t\t\t\t\t<div class=\"elementor-column elementor-col-100 elementor-top-column elementor-element elementor-element-111dada7\" data-id=\"111dada7\" data-element_type=\"column\">\n\t\t\t<div class=\"elementor-widget-wrap elementor-element-populated\">\n\t\t\t\t\t\t<div class=\"elementor-element elementor-element-5ae5a127 elementor-widget elementor-widget-heading\" data-id=\"5ae5a127\" data-element_type=\"widget\" data-widget_type=\"heading.default\">\n\t\t\t\t<div class=\"elementor-widget-container\">\n\t\t\t<h3 class=\"elementor-heading-title elementor-size-default\">Downloads<\/h3>\t\t<\/div>\n\t\t\t\t<\/div>\n\t\t\t\t<div class=\"elementor-element elementor-element-5c828677 elementor-widget elementor-widget-spacer\" data-id=\"5c828677\" data-element_type=\"widget\" data-widget_type=\"spacer.default\">\n\t\t\t\t<div class=\"elementor-widget-container\">\n\t\t\t\t\t<div class=\"elementor-spacer\">\n\t\t\t<div class=\"elementor-spacer-inner\"><\/div>\n\t\t<\/div>\n\t\t\t\t<\/div>\n\t\t\t\t<\/div>\n\t\t\t\t<div class=\"elementor-element elementor-element-7983d4a3 elementor-tabs-view-horizontal elementor-widget elementor-widget-tabs\" data-id=\"7983d4a3\" data-element_type=\"widget\" data-widget_type=\"tabs.default\">\n\t\t\t\t<div class=\"elementor-widget-container\">\n\t\t\t\t\t<div class=\"elementor-tabs\">\n\t\t\t<div class=\"elementor-tabs-wrapper\" role=\"tablist\" >\n\t\t\t\t\t\t\t\t\t<div id=\"elementor-tab-title-2031\" class=\"elementor-tab-title elementor-tab-desktop-title\" aria-selected=\"true\" data-tab=\"1\" role=\"tab\" tabindex=\"0\" aria-controls=\"elementor-tab-content-2031\" aria-expanded=\"false\">EN<\/div>\n\t\t\t\t\t\t\t<\/div>\n\t\t\t<div class=\"elementor-tabs-content-wrapper\" role=\"tablist\" aria-orientation=\"vertical\">\n\t\t\t\t\t\t\t\t\t<div class=\"elementor-tab-title elementor-tab-mobile-title\" aria-selected=\"true\" data-tab=\"1\" role=\"tab\" tabindex=\"0\" aria-controls=\"elementor-tab-content-2031\" aria-expanded=\"false\">EN<\/div>\n\t\t\t\t\t<div id=\"elementor-tab-content-2031\" class=\"elementor-tab-content elementor-clearfix\" data-tab=\"1\" role=\"tabpanel\" aria-labelledby=\"elementor-tab-title-2031\" tabindex=\"0\" hidden=\"false\"><p><a href=\"https:\/\/dev-ipn-headsets.s3.elonisas.nl\/wp-content\/uploads\/2018\/09\/IPN-H950-productinfo-EN.pdf\" target=\"_blank\" rel=\"noopener\">IPN H950 productinfo-EN<\/a><\/p>\n<p><a href=\"https:\/\/dev-ipn-headsets.s3.elonisas.nl\/wp-content\/uploads\/2018\/10\/IPN-H950-manual-EN.pdf\" target=\"_blank\" rel=\"noopener\">IPN H950 manual-EN<\/a><\/p>\n<p><a href=\"https:\/\/dev-ipn-headsets.s3.elonisas.nl\/wp-content\/uploads\/2018\/09\/IPN-H950-comparison-sheet-EN.pdf\" target=\"_blank\" rel=\"noopener\">IPN H950 comparison sheet-EN<\/a><\/p>\n<p><a href=\"https:\/\/dev-ipn-headsets.s3.elonisas.nl\/wp-content\/uploads\/2018\/09\/IPN-Headsets-accessories-1.pdf\" target=\"_blank\" rel=\"noopener\">IPN Headsets accessories<\/a><\/p>\n<\/div>\n\t\t\t\t\t\t\t<\/div>\n\t\t<\/div>\n\t\t\t\t<\/div>\n\t\t\t\t<\/div>\n\t\t\t\t<div class=\"elementor-element elementor-element-774c6de elementor-widget elementor-widget-spacer\" data-id=\"774c6de\" data-element_type=\"widget\" data-widget_type=\"spacer.default\">\n\t\t\t\t<div class=\"elementor-widget-container\">\n\t\t\t\t\t<div class=\"elementor-spacer\">\n\t\t\t<div class=\"elementor-spacer-inner\"><\/div>\n\t\t<\/div>\n\t\t\t\t<\/div>\n\t\t\t\t<\/div>\n\t\t\t\t\t<\/div>\n\t\t<\/div>\n\t\t\t\t\t<\/div>\n\t\t<\/section>\n\t\t\t\t<\/div>\n\t\t","protected":false},"excerpt":{"rendered":"<p>IPN H950 Das schnurgebundene binaurale (beidohrige) IPN H950 Headset wurde speziell f\u00fcr die Nutzung im B\u00fcro und f\u00fcr die professionelle Call-Center-Umgebung entwickelt. Ein hoher Tragekomfort wird durch die Leichtigkeit, die perfekte Passform und das bequeme (austauschbare) Lederohrkissen gew\u00e4hrleistet. Dank der standardm\u00e4\u00dfig vorhandenen Noise-Cancelling-Technologie wird jederzeit sichergestellt, dass der Gespr\u00e4chspartner nur Sie h\u00f6rt, nicht aber st\u00f6rende &hellip;<\/p>\n<p class=\"read-more\"> <a class=\"\" href=\"https:\/\/ipn-headsets.com\/de\/h950\/\"> <span class=\"screen-reader-text\">H950<\/span> Weiterlesen &raquo;<\/a><\/p>\n","protected":false},"author":1,"featured_media":0,"parent":0,"menu_order":0,"comment_status":"closed","ping_status":"closed","template":"","meta":{"site-sidebar-layout":"no-sidebar","site-content-layout":"plain-container","ast-main-header-display":"","ast-hfb-above-header-display":"","ast-hfb-below-header-display":"","ast-hfb-mobile-header-display":"","site-post-title":"disabled","ast-breadcrumbs-content":"","ast-featured-img":"disabled","footer-sml-layout":"","theme-transparent-header-meta":"","adv-header-id-meta":"","stick-header-meta":"","header-above-stick-meta":"","header-main-stick-meta":"","header-below-stick-meta":"","footnotes":""},"class_list":["post-1289","page","type-page","status-publish","hentry"],"yoast_head":"<!-- This site is optimized with the Yoast SEO plugin v27.4 - https:\/\/yoast.com\/product\/yoast-seo-wordpress\/ -->\n<title>H950 - IPN Headsets<\/title>\n<meta name=\"description\" content=\"IPN Headsets H950\" \/>\n<meta name=\"robots\" content=\"index, follow, max-snippet:-1, max-image-preview:large, max-video-preview:-1\" \/>\n<link rel=\"canonical\" href=\"https:\/\/ipn-headsets.com\/de\/h950\/\" \/>\n<meta property=\"og:locale\" content=\"de_DE\" \/>\n<meta property=\"og:type\" content=\"article\" \/>\n<meta property=\"og:title\" content=\"H950 - IPN Headsets\" \/>\n<meta property=\"og:description\" content=\"IPN Headsets H950\" \/>\n<meta property=\"og:url\" content=\"https:\/\/ipn-headsets.com\/de\/h950\/\" \/>\n<meta property=\"og:site_name\" content=\"IPN Headsets\" \/>\n<meta property=\"article:modified_time\" content=\"2021-01-22T12:46:34+00:00\" \/>\n<meta property=\"og:image\" content=\"https:\/\/ipn-headsets.com\/wp-content\/uploads\/2018\/08\/IPN-H950-212x300.png\" \/>\n<meta name=\"twitter:card\" content=\"summary_large_image\" \/>\n<meta name=\"twitter:label1\" content=\"Gesch\u00e4tzte Lesezeit\" \/>\n\t<meta name=\"twitter:data1\" content=\"1\u00a0Minute\" \/>\n<script type=\"application\/ld+json\" class=\"yoast-schema-graph\">{\"@context\":\"https:\\\/\\\/schema.org\",\"@graph\":[{\"@type\":\"WebPage\",\"@id\":\"https:\\\/\\\/ipn-headsets.com\\\/de\\\/h950\\\/\",\"url\":\"https:\\\/\\\/ipn-headsets.com\\\/de\\\/h950\\\/\",\"name\":\"H950 - IPN Headsets\",\"isPartOf\":{\"@id\":\"https:\\\/\\\/ipn-headsets.com\\\/#website\"},\"primaryImageOfPage\":{\"@id\":\"https:\\\/\\\/ipn-headsets.com\\\/de\\\/h950\\\/#primaryimage\"},\"image\":{\"@id\":\"https:\\\/\\\/ipn-headsets.com\\\/de\\\/h950\\\/#primaryimage\"},\"thumbnailUrl\":\"https:\\\/\\\/ipn-headsets.com\\\/wp-content\\\/uploads\\\/2018\\\/08\\\/IPN-H950-212x300.png\",\"datePublished\":\"2018-10-04T11:54:04+00:00\",\"dateModified\":\"2021-01-22T12:46:34+00:00\",\"description\":\"IPN Headsets H950\",\"breadcrumb\":{\"@id\":\"https:\\\/\\\/ipn-headsets.com\\\/de\\\/h950\\\/#breadcrumb\"},\"inLanguage\":\"de\",\"potentialAction\":[{\"@type\":\"ReadAction\",\"target\":[\"https:\\\/\\\/ipn-headsets.com\\\/de\\\/h950\\\/\"]}]},{\"@type\":\"ImageObject\",\"inLanguage\":\"de\",\"@id\":\"https:\\\/\\\/ipn-headsets.com\\\/de\\\/h950\\\/#primaryimage\",\"url\":\"https:\\\/\\\/ipn-headsets.com\\\/wp-content\\\/uploads\\\/2018\\\/08\\\/IPN-H950-212x300.png\",\"contentUrl\":\"https:\\\/\\\/ipn-headsets.com\\\/wp-content\\\/uploads\\\/2018\\\/08\\\/IPN-H950-212x300.png\"},{\"@type\":\"BreadcrumbList\",\"@id\":\"https:\\\/\\\/ipn-headsets.com\\\/de\\\/h950\\\/#breadcrumb\",\"itemListElement\":[{\"@type\":\"ListItem\",\"position\":1,\"name\":\"Home\",\"item\":\"https:\\\/\\\/ipn-headsets.com\\\/de\\\/\"},{\"@type\":\"ListItem\",\"position\":2,\"name\":\"H950\"}]},{\"@type\":\"WebSite\",\"@id\":\"https:\\\/\\\/ipn-headsets.com\\\/#website\",\"url\":\"https:\\\/\\\/ipn-headsets.com\\\/\",\"name\":\"IPN Headsets\",\"description\":\"\",\"publisher\":{\"@id\":\"https:\\\/\\\/ipn-headsets.com\\\/#organization\"},\"potentialAction\":[{\"@type\":\"SearchAction\",\"target\":{\"@type\":\"EntryPoint\",\"urlTemplate\":\"https:\\\/\\\/ipn-headsets.com\\\/?s={search_term_string}\"},\"query-input\":{\"@type\":\"PropertyValueSpecification\",\"valueRequired\":true,\"valueName\":\"search_term_string\"}}],\"inLanguage\":\"de\"},{\"@type\":\"Organization\",\"@id\":\"https:\\\/\\\/ipn-headsets.com\\\/#organization\",\"name\":\"IPN Headsets\",\"url\":\"https:\\\/\\\/ipn-headsets.com\\\/\",\"logo\":{\"@type\":\"ImageObject\",\"inLanguage\":\"de\",\"@id\":\"https:\\\/\\\/ipn-headsets.com\\\/#\\\/schema\\\/logo\\\/image\\\/\",\"url\":\"https:\\\/\\\/ipn-headsets.com\\\/wp-content\\\/uploads\\\/2018\\\/06\\\/cropped-logo.jpg\",\"contentUrl\":\"https:\\\/\\\/ipn-headsets.com\\\/wp-content\\\/uploads\\\/2018\\\/06\\\/cropped-logo.jpg\",\"width\":160,\"height\":107,\"caption\":\"IPN Headsets\"},\"image\":{\"@id\":\"https:\\\/\\\/ipn-headsets.com\\\/#\\\/schema\\\/logo\\\/image\\\/\"}}]}<\/script>\n<!-- \/ Yoast SEO plugin. -->","yoast_head_json":{"title":"H950 - IPN Headsets","description":"IPN Headsets H950","robots":{"index":"index","follow":"follow","max-snippet":"max-snippet:-1","max-image-preview":"max-image-preview:large","max-video-preview":"max-video-preview:-1"},"canonical":"https:\/\/ipn-headsets.com\/de\/h950\/","og_locale":"de_DE","og_type":"article","og_title":"H950 - IPN Headsets","og_description":"IPN Headsets H950","og_url":"https:\/\/ipn-headsets.com\/de\/h950\/","og_site_name":"IPN Headsets","article_modified_time":"2021-01-22T12:46:34+00:00","og_image":[{"url":"https:\/\/ipn-headsets.com\/wp-content\/uploads\/2018\/08\/IPN-H950-212x300.png","type":"","width":"","height":""}],"twitter_card":"summary_large_image","twitter_misc":{"Gesch\u00e4tzte Lesezeit":"1\u00a0Minute"},"schema":{"@context":"https:\/\/schema.org","@graph":[{"@type":"WebPage","@id":"https:\/\/ipn-headsets.com\/de\/h950\/","url":"https:\/\/ipn-headsets.com\/de\/h950\/","name":"H950 - IPN Headsets","isPartOf":{"@id":"https:\/\/ipn-headsets.com\/#website"},"primaryImageOfPage":{"@id":"https:\/\/ipn-headsets.com\/de\/h950\/#primaryimage"},"image":{"@id":"https:\/\/ipn-headsets.com\/de\/h950\/#primaryimage"},"thumbnailUrl":"https:\/\/ipn-headsets.com\/wp-content\/uploads\/2018\/08\/IPN-H950-212x300.png","datePublished":"2018-10-04T11:54:04+00:00","dateModified":"2021-01-22T12:46:34+00:00","description":"IPN Headsets H950","breadcrumb":{"@id":"https:\/\/ipn-headsets.com\/de\/h950\/#breadcrumb"},"inLanguage":"de","potentialAction":[{"@type":"ReadAction","target":["https:\/\/ipn-headsets.com\/de\/h950\/"]}]},{"@type":"ImageObject","inLanguage":"de","@id":"https:\/\/ipn-headsets.com\/de\/h950\/#primaryimage","url":"https:\/\/ipn-headsets.com\/wp-content\/uploads\/2018\/08\/IPN-H950-212x300.png","contentUrl":"https:\/\/ipn-headsets.com\/wp-content\/uploads\/2018\/08\/IPN-H950-212x300.png"},{"@type":"BreadcrumbList","@id":"https:\/\/ipn-headsets.com\/de\/h950\/#breadcrumb","itemListElement":[{"@type":"ListItem","position":1,"name":"Home","item":"https:\/\/ipn-headsets.com\/de\/"},{"@type":"ListItem","position":2,"name":"H950"}]},{"@type":"WebSite","@id":"https:\/\/ipn-headsets.com\/#website","url":"https:\/\/ipn-headsets.com\/","name":"IPN Headsets","description":"","publisher":{"@id":"https:\/\/ipn-headsets.com\/#organization"},"potentialAction":[{"@type":"SearchAction","target":{"@type":"EntryPoint","urlTemplate":"https:\/\/ipn-headsets.com\/?s={search_term_string}"},"query-input":{"@type":"PropertyValueSpecification","valueRequired":true,"valueName":"search_term_string"}}],"inLanguage":"de"},{"@type":"Organization","@id":"https:\/\/ipn-headsets.com\/#organization","name":"IPN Headsets","url":"https:\/\/ipn-headsets.com\/","logo":{"@type":"ImageObject","inLanguage":"de","@id":"https:\/\/ipn-headsets.com\/#\/schema\/logo\/image\/","url":"https:\/\/ipn-headsets.com\/wp-content\/uploads\/2018\/06\/cropped-logo.jpg","contentUrl":"https:\/\/ipn-headsets.com\/wp-content\/uploads\/2018\/06\/cropped-logo.jpg","width":160,"height":107,"caption":"IPN Headsets"},"image":{"@id":"https:\/\/ipn-headsets.com\/#\/schema\/logo\/image\/"}}]}},"_links":{"self":[{"href":"https:\/\/ipn-headsets.com\/de\/wp-json\/wp\/v2\/pages\/1289","targetHints":{"allow":["GET"]}}],"collection":[{"href":"https:\/\/ipn-headsets.com\/de\/wp-json\/wp\/v2\/pages"}],"about":[{"href":"https:\/\/ipn-headsets.com\/de\/wp-json\/wp\/v2\/types\/page"}],"author":[{"embeddable":true,"href":"https:\/\/ipn-headsets.com\/de\/wp-json\/wp\/v2\/users\/1"}],"replies":[{"embeddable":true,"href":"https:\/\/ipn-headsets.com\/de\/wp-json\/wp\/v2\/comments?post=1289"}],"version-history":[{"count":15,"href":"https:\/\/ipn-headsets.com\/de\/wp-json\/wp\/v2\/pages\/1289\/revisions"}],"predecessor-version":[{"id":2908,"href":"https:\/\/ipn-headsets.com\/de\/wp-json\/wp\/v2\/pages\/1289\/revisions\/2908"}],"wp:attachment":[{"href":"https:\/\/ipn-headsets.com\/de\/wp-json\/wp\/v2\/media?parent=1289"}],"curies":[{"name":"wp","href":"https:\/\/api.w.org\/{rel}","templated":true}]}}