{"id":1295,"date":"2018-10-04T11:59:44","date_gmt":"2018-10-04T11:59:44","guid":{"rendered":"https:\/\/ipn-headsets.com\/ipn-usb-adapter\/"},"modified":"2021-01-22T12:45:01","modified_gmt":"2021-01-22T12:45:01","slug":"ipn-usb-adapter","status":"publish","type":"page","link":"https:\/\/ipn-headsets.com\/de\/ipn-usb-adapter\/","title":{"rendered":"IPN USB ADAPTER"},"content":{"rendered":"\t\t<div data-elementor-type=\"wp-post\" data-elementor-id=\"1295\" class=\"elementor elementor-1295 elementor-405\">\n\t\t\t\t\t\t<section class=\"elementor-section elementor-top-section elementor-element elementor-element-cf8f350 elementor-section-content-middle elementor-section-boxed elementor-section-height-default elementor-section-height-default\" data-id=\"cf8f350\" data-element_type=\"section\">\n\t\t\t\t\t\t<div class=\"elementor-container elementor-column-gap-default\">\n\t\t\t\t\t<div class=\"elementor-column elementor-col-50 elementor-top-column elementor-element elementor-element-6e0b1c6\" data-id=\"6e0b1c6\" data-element_type=\"column\">\n\t\t\t<div class=\"elementor-widget-wrap elementor-element-populated\">\n\t\t\t\t\t\t<div class=\"elementor-element elementor-element-3d1a800 elementor-widget elementor-widget-heading\" data-id=\"3d1a800\" data-element_type=\"widget\" data-widget_type=\"heading.default\">\n\t\t\t\t<div class=\"elementor-widget-container\">\n\t\t\t<h3 class=\"elementor-heading-title elementor-size-default\">IPN USB ADAPTER<\/h3>\t\t<\/div>\n\t\t\t\t<\/div>\n\t\t\t\t<div class=\"elementor-element elementor-element-0f14784 elementor-widget-divider--view-line elementor-widget elementor-widget-divider\" data-id=\"0f14784\" data-element_type=\"widget\" data-widget_type=\"divider.default\">\n\t\t\t\t<div class=\"elementor-widget-container\">\n\t\t\t\t\t<div class=\"elementor-divider\">\n\t\t\t<span class=\"elementor-divider-separator\">\n\t\t\t\t\t\t<\/span>\n\t\t<\/div>\n\t\t\t\t<\/div>\n\t\t\t\t<\/div>\n\t\t\t\t<div class=\"elementor-element elementor-element-9cb0fef elementor-widget elementor-widget-text-editor\" data-id=\"9cb0fef\" data-element_type=\"widget\" data-widget_type=\"text-editor.default\">\n\t\t\t\t<div class=\"elementor-widget-container\">\n\t\t\t\t\t\t\t<p>Die Anschlussm\u00f6glichkeiten Ihres Headsets werden durch den IPN USB Adapter vergr\u00f6\u00dfert.<\/p>\n<p>Das Headset kann einfach mittels eines \u201cPlug-and-Play\u201d-Verfahrens an Ihren Computer angeschlossen werden.<\/p>\n<p>Der Adapter bietet die einfache M\u00f6glichkeit der Lausst\u00e4rkenregelung (+\/-) und\/oder Stummschaltung. Die Audioqualit\u00e4t des IPN USB Adapters ist hervorragend. Jede Unterhaltung wird in HD Qualit\u00e4t wiedergegeben, wodurch Sie noch besser zu verstehen sind.<\/p>\n<p>Der IPN USB Adapter ist mit Apple MAC OS X, sowie mit aller PC Software (Windows 98, Windows 2000, Windows XP, Windows Vista, Windows 7, Windows 8 und Windows 10) kompatibel.<\/p>\n<p>IPN USB Adapter Direktverbindung &amp; Schnelltrennung<\/p>\n<ul>\n<li>Universelle Schnelltrennkupplung (Quick Disconnect QD)<\/li>\n<li>Automatische Treiber-Installation (Plug &amp; Play)<\/li>\n<li>Lautst\u00e4rkenregelung (+\/-) am Adapter und\/oder am PC<\/li>\n<li>Stummschalttaste<\/li>\n<li>Microsoft optimiert<\/li>\n<\/ul>\n<p>IPN111 \/ IPN QD zu USB Kabel (MC Lync optimiert mit Rufannahmetaste und QD)<\/p>\n\t\t\t\t\t\t<\/div>\n\t\t\t\t<\/div>\n\t\t\t\t\t<\/div>\n\t\t<\/div>\n\t\t\t\t<div class=\"elementor-column elementor-col-50 elementor-top-column elementor-element elementor-element-b565899\" data-id=\"b565899\" data-element_type=\"column\">\n\t\t\t<div class=\"elementor-widget-wrap elementor-element-populated\">\n\t\t\t\t\t\t<div class=\"elementor-element elementor-element-f7bfe33 elementor-arrows-position-inside elementor-pagination-position-outside elementor-widget elementor-widget-image-carousel\" data-id=\"f7bfe33\" data-element_type=\"widget\" data-settings=\"{&quot;slides_to_show&quot;:&quot;1&quot;,&quot;navigation&quot;:&quot;both&quot;,&quot;autoplay&quot;:&quot;yes&quot;,&quot;pause_on_hover&quot;:&quot;yes&quot;,&quot;pause_on_interaction&quot;:&quot;yes&quot;,&quot;autoplay_speed&quot;:5000,&quot;infinite&quot;:&quot;yes&quot;,&quot;effect&quot;:&quot;slide&quot;,&quot;speed&quot;:500}\" data-widget_type=\"image-carousel.default\">\n\t\t\t\t<div class=\"elementor-widget-container\">\n\t\t\t\t\t<div class=\"elementor-image-carousel-wrapper swiper\" dir=\"ltr\">\n\t\t\t<div class=\"elementor-image-carousel swiper-wrapper\" aria-live=\"off\">\n\t\t\t\t\t\t\t\t<div class=\"swiper-slide\" role=\"group\" aria-roledescription=\"slide\" aria-label=\"1 von 2\"><a data-elementor-open-lightbox=\"yes\" data-elementor-lightbox-slideshow=\"f7bfe33\" data-elementor-lightbox-title=\"IPN-USB-Adapter-1\" data-e-action-hash=\"#elementor-action%3Aaction%3Dlightbox%26settings%3DeyJpZCI6NDA4LCJ1cmwiOiJodHRwczpcL1wvaXBuLWhlYWRzZXRzLmNvbVwvd3AtY29udGVudFwvdXBsb2Fkc1wvMjAxOFwvMDhcL0lQTi1VU0ItQWRhcHRlci0xLmpwZyIsInNsaWRlc2hvdyI6ImY3YmZlMzMifQ%3D%3D\" href=\"https:\/\/ipn-headsets.com\/wp-content\/uploads\/2018\/08\/IPN-USB-Adapter-1.jpg\"><figure class=\"swiper-slide-inner\"><img decoding=\"async\" class=\"swiper-slide-image\" src=\"https:\/\/ipn-headsets.com\/wp-content\/uploads\/2018\/08\/IPN-USB-Adapter-1-300x300.jpg\" alt=\"IPN-USB-Adapter-1\" \/><\/figure><\/a><\/div><div class=\"swiper-slide\" role=\"group\" aria-roledescription=\"slide\" aria-label=\"2 von 2\"><a data-elementor-open-lightbox=\"yes\" data-elementor-lightbox-slideshow=\"f7bfe33\" data-elementor-lightbox-title=\"IPN-USB-Adapter-2\" data-e-action-hash=\"#elementor-action%3Aaction%3Dlightbox%26settings%3DeyJpZCI6NDA5LCJ1cmwiOiJodHRwczpcL1wvaXBuLWhlYWRzZXRzLmNvbVwvd3AtY29udGVudFwvdXBsb2Fkc1wvMjAxOFwvMDhcL0lQTi1VU0ItQWRhcHRlci0yLmpwZyIsInNsaWRlc2hvdyI6ImY3YmZlMzMifQ%3D%3D\" href=\"https:\/\/ipn-headsets.com\/wp-content\/uploads\/2018\/08\/IPN-USB-Adapter-2.jpg\"><figure class=\"swiper-slide-inner\"><img decoding=\"async\" class=\"swiper-slide-image\" src=\"https:\/\/ipn-headsets.com\/wp-content\/uploads\/2018\/08\/IPN-USB-Adapter-2.jpg\" alt=\"IPN-USB-Adapter-2\" \/><\/figure><\/a><\/div>\t\t\t<\/div>\n\t\t\t\t\t\t\t\t\t\t\t\t<div class=\"elementor-swiper-button elementor-swiper-button-prev\" role=\"button\" tabindex=\"0\">\n\t\t\t\t\t\t<svg aria-hidden=\"true\" class=\"e-font-icon-svg e-eicon-chevron-left\" viewBox=\"0 0 1000 1000\" xmlns=\"http:\/\/www.w3.org\/2000\/svg\"><path d=\"M646 125C629 125 613 133 604 142L308 442C296 454 292 471 292 487 292 504 296 521 308 533L604 854C617 867 629 875 646 875 663 875 679 871 692 858 704 846 713 829 713 812 713 796 708 779 692 767L438 487 692 225C700 217 708 204 708 187 708 171 704 154 692 142 675 129 663 125 646 125Z\"><\/path><\/svg>\t\t\t\t\t<\/div>\n\t\t\t\t\t<div class=\"elementor-swiper-button elementor-swiper-button-next\" role=\"button\" tabindex=\"0\">\n\t\t\t\t\t\t<svg aria-hidden=\"true\" class=\"e-font-icon-svg e-eicon-chevron-right\" viewBox=\"0 0 1000 1000\" xmlns=\"http:\/\/www.w3.org\/2000\/svg\"><path d=\"M696 533C708 521 713 504 713 487 713 471 708 454 696 446L400 146C388 133 375 125 354 125 338 125 325 129 313 142 300 154 292 171 292 187 292 204 296 221 308 233L563 492 304 771C292 783 288 800 288 817 288 833 296 850 308 863 321 871 338 875 354 875 371 875 388 867 400 854L696 533Z\"><\/path><\/svg>\t\t\t\t\t<\/div>\n\t\t\t\t\n\t\t\t\t\t\t\t\t\t<div class=\"swiper-pagination\"><\/div>\n\t\t\t\t\t\t\t\t\t<\/div>\n\t\t\t\t<\/div>\n\t\t\t\t<\/div>\n\t\t\t\t\t<\/div>\n\t\t<\/div>\n\t\t\t\t\t<\/div>\n\t\t<\/section>\n\t\t\t\t<section class=\"elementor-section elementor-top-section elementor-element elementor-element-b368d23 elementor-section-boxed elementor-section-height-default elementor-section-height-default\" data-id=\"b368d23\" data-element_type=\"section\">\n\t\t\t\t\t\t<div class=\"elementor-container elementor-column-gap-default\">\n\t\t\t\t\t<div class=\"elementor-column elementor-col-100 elementor-top-column elementor-element elementor-element-3d85b97\" data-id=\"3d85b97\" data-element_type=\"column\">\n\t\t\t<div class=\"elementor-widget-wrap elementor-element-populated\">\n\t\t\t\t\t\t<div class=\"elementor-element elementor-element-c110037 elementor-widget elementor-widget-accordion\" data-id=\"c110037\" data-element_type=\"widget\" data-widget_type=\"accordion.default\">\n\t\t\t\t<div class=\"elementor-widget-container\">\n\t\t\t\t\t<div class=\"elementor-accordion\">\n\t\t\t\t\t\t\t<div class=\"elementor-accordion-item\">\n\t\t\t\t\t<div id=\"elementor-tab-title-2021\" class=\"elementor-tab-title\" data-tab=\"1\" role=\"button\" aria-controls=\"elementor-tab-content-2021\" aria-expanded=\"false\">\n\t\t\t\t\t\t\t\t\t\t\t\t\t<span class=\"elementor-accordion-icon elementor-accordion-icon-left\" aria-hidden=\"true\">\n\t\t\t\t\t\t\t\t\t\t\t\t\t\t\t<span class=\"elementor-accordion-icon-closed\"><svg class=\"e-font-icon-svg e-fas-plus\" viewBox=\"0 0 448 512\" xmlns=\"http:\/\/www.w3.org\/2000\/svg\"><path d=\"M416 208H272V64c0-17.67-14.33-32-32-32h-32c-17.67 0-32 14.33-32 32v144H32c-17.67 0-32 14.33-32 32v32c0 17.67 14.33 32 32 32h144v144c0 17.67 14.33 32 32 32h32c17.67 0 32-14.33 32-32V304h144c17.67 0 32-14.33 32-32v-32c0-17.67-14.33-32-32-32z\"><\/path><\/svg><\/span>\n\t\t\t\t\t\t\t\t<span class=\"elementor-accordion-icon-opened\"><svg class=\"e-font-icon-svg e-fas-minus\" viewBox=\"0 0 448 512\" xmlns=\"http:\/\/www.w3.org\/2000\/svg\"><path d=\"M416 208H32c-17.67 0-32 14.33-32 32v32c0 17.67 14.33 32 32 32h384c17.67 0 32-14.33 32-32v-32c0-17.67-14.33-32-32-32z\"><\/path><\/svg><\/span>\n\t\t\t\t\t\t\t\t\t\t\t\t\t\t<\/span>\n\t\t\t\t\t\t\t\t\t\t\t\t<a class=\"elementor-accordion-title\" tabindex=\"0\">Technische Daten<\/a>\n\t\t\t\t\t<\/div>\n\t\t\t\t\t<div id=\"elementor-tab-content-2021\" class=\"elementor-tab-content elementor-clearfix\" data-tab=\"1\" role=\"region\" aria-labelledby=\"elementor-tab-title-2021\"><table id=\"tablepress-18\" class=\"tablepress tablepress-id-18\">\n<tbody>\n<tr class=\"row-1\">\n<td class=\"column-1\">Kompatibel mit<\/td>\n<td class=\"column-2\">Mac OS X<br \/>\nWindows 98<br \/>\nWindows 2000<br \/>\nWindows XP<br \/>\nWindows Vista<br \/>\nWindows 7<br \/>\nWindows 8<\/td>\n<\/tr>\n<tr class=\"row-2\">\n<td class=\"column-1\">Funktionen<\/td>\n<td class=\"column-2\">HD Voice<br \/>\nPlug-and-Play<br \/>\nVolume and mute control<\/td>\n<\/tr>\n<tr class=\"row-3\">\n<td class=\"column-1\">Garantie<\/td>\n<td class=\"column-2\">2 Jahre<\/td>\n<\/tr>\n<tr class=\"row-4\">\n<td class=\"column-1\">Die Box enth\u00e4lt<\/td>\n<td class=\"column-2\">USB Adapter<\/td>\n<\/tr>\n<\/tbody>\n<\/table>\n<\/div>\n\t\t\t\t<\/div>\n\t\t\t\t\t\t\t\t<\/div>\n\t\t\t\t<\/div>\n\t\t\t\t<\/div>\n\t\t\t\t<div class=\"elementor-element elementor-element-2de67d9 elementor-widget elementor-widget-spacer\" data-id=\"2de67d9\" data-element_type=\"widget\" data-widget_type=\"spacer.default\">\n\t\t\t\t<div class=\"elementor-widget-container\">\n\t\t\t\t\t<div class=\"elementor-spacer\">\n\t\t\t<div class=\"elementor-spacer-inner\"><\/div>\n\t\t<\/div>\n\t\t\t\t<\/div>\n\t\t\t\t<\/div>\n\t\t\t\t\t<\/div>\n\t\t<\/div>\n\t\t\t\t\t<\/div>\n\t\t<\/section>\n\t\t\t\t<section class=\"elementor-section elementor-top-section elementor-element elementor-element-7d366518 elementor-section-boxed elementor-section-height-default elementor-section-height-default\" data-id=\"7d366518\" data-element_type=\"section\" id=\"usb-adapter-downloads\">\n\t\t\t\t\t\t<div class=\"elementor-container elementor-column-gap-default\">\n\t\t\t\t\t<div class=\"elementor-column elementor-col-100 elementor-top-column elementor-element elementor-element-6edd996c\" data-id=\"6edd996c\" data-element_type=\"column\">\n\t\t\t<div class=\"elementor-widget-wrap elementor-element-populated\">\n\t\t\t\t\t\t<div class=\"elementor-element elementor-element-4935b8df elementor-widget elementor-widget-heading\" data-id=\"4935b8df\" data-element_type=\"widget\" data-widget_type=\"heading.default\">\n\t\t\t\t<div class=\"elementor-widget-container\">\n\t\t\t<h3 class=\"elementor-heading-title elementor-size-default\">Downloads<\/h3>\t\t<\/div>\n\t\t\t\t<\/div>\n\t\t\t\t<div class=\"elementor-element elementor-element-434213df elementor-widget elementor-widget-spacer\" data-id=\"434213df\" data-element_type=\"widget\" data-widget_type=\"spacer.default\">\n\t\t\t\t<div class=\"elementor-widget-container\">\n\t\t\t\t\t<div class=\"elementor-spacer\">\n\t\t\t<div class=\"elementor-spacer-inner\"><\/div>\n\t\t<\/div>\n\t\t\t\t<\/div>\n\t\t\t\t<\/div>\n\t\t\t\t<div class=\"elementor-element elementor-element-23877e25 elementor-tabs-view-horizontal elementor-widget elementor-widget-tabs\" data-id=\"23877e25\" data-element_type=\"widget\" data-widget_type=\"tabs.default\">\n\t\t\t\t<div class=\"elementor-widget-container\">\n\t\t\t\t\t<div class=\"elementor-tabs\">\n\t\t\t<div class=\"elementor-tabs-wrapper\" role=\"tablist\" >\n\t\t\t\t\t\t\t\t\t<div id=\"elementor-tab-title-5961\" class=\"elementor-tab-title elementor-tab-desktop-title\" aria-selected=\"true\" data-tab=\"1\" role=\"tab\" tabindex=\"0\" aria-controls=\"elementor-tab-content-5961\" aria-expanded=\"false\">EN<\/div>\n\t\t\t\t\t\t\t<\/div>\n\t\t\t<div class=\"elementor-tabs-content-wrapper\" role=\"tablist\" aria-orientation=\"vertical\">\n\t\t\t\t\t\t\t\t\t<div class=\"elementor-tab-title elementor-tab-mobile-title\" aria-selected=\"true\" data-tab=\"1\" role=\"tab\" tabindex=\"0\" aria-controls=\"elementor-tab-content-5961\" aria-expanded=\"false\">EN<\/div>\n\t\t\t\t\t<div id=\"elementor-tab-content-5961\" class=\"elementor-tab-content elementor-clearfix\" data-tab=\"1\" role=\"tabpanel\" aria-labelledby=\"elementor-tab-title-5961\" tabindex=\"0\" hidden=\"false\"><p><a href=\"https:\/\/ipn-headsets.com\/wp-content\/uploads\/2019\/06\/EHS-Guide-2019.pdf\">EHS Guide-2019<\/a><\/p>\n<\/div>\n\t\t\t\t\t\t\t<\/div>\n\t\t<\/div>\n\t\t\t\t<\/div>\n\t\t\t\t<\/div>\n\t\t\t\t<div class=\"elementor-element elementor-element-ed71a22 elementor-widget elementor-widget-spacer\" data-id=\"ed71a22\" data-element_type=\"widget\" data-widget_type=\"spacer.default\">\n\t\t\t\t<div class=\"elementor-widget-container\">\n\t\t\t\t\t<div class=\"elementor-spacer\">\n\t\t\t<div class=\"elementor-spacer-inner\"><\/div>\n\t\t<\/div>\n\t\t\t\t<\/div>\n\t\t\t\t<\/div>\n\t\t\t\t\t<\/div>\n\t\t<\/div>\n\t\t\t\t\t<\/div>\n\t\t<\/section>\n\t\t\t\t<\/div>\n\t\t","protected":false},"excerpt":{"rendered":"<p>IPN USB ADAPTER Die Anschlussm\u00f6glichkeiten Ihres Headsets werden durch den IPN USB Adapter vergr\u00f6\u00dfert. Das Headset kann einfach mittels eines \u201cPlug-and-Play\u201d-Verfahrens an Ihren Computer angeschlossen werden. Der Adapter bietet die einfache M\u00f6glichkeit der Lausst\u00e4rkenregelung (+\/-) und\/oder Stummschaltung. Die Audioqualit\u00e4t des IPN USB Adapters ist hervorragend. Jede Unterhaltung wird in HD Qualit\u00e4t wiedergegeben, wodurch Sie noch &hellip;<\/p>\n<p class=\"read-more\"> <a class=\"\" href=\"https:\/\/ipn-headsets.com\/de\/ipn-usb-adapter\/\"> <span class=\"screen-reader-text\">IPN USB ADAPTER<\/span> Weiterlesen &raquo;<\/a><\/p>\n","protected":false},"author":1,"featured_media":0,"parent":0,"menu_order":0,"comment_status":"closed","ping_status":"closed","template":"","meta":{"site-sidebar-layout":"no-sidebar","site-content-layout":"plain-container","ast-main-header-display":"","ast-hfb-above-header-display":"","ast-hfb-below-header-display":"","ast-hfb-mobile-header-display":"","site-post-title":"disabled","ast-breadcrumbs-content":"","ast-featured-img":"disabled","footer-sml-layout":"","theme-transparent-header-meta":"","adv-header-id-meta":"","stick-header-meta":"","header-above-stick-meta":"","header-main-stick-meta":"","header-below-stick-meta":"","footnotes":""},"class_list":["post-1295","page","type-page","status-publish","hentry"],"yoast_head":"<!-- This site is optimized with the Yoast SEO plugin v27.3 - https:\/\/yoast.com\/product\/yoast-seo-wordpress\/ -->\n<title>IPN USB ADAPTER - IPN Headsets<\/title>\n<meta name=\"description\" content=\"IPN USB ADAPTER\" \/>\n<meta name=\"robots\" content=\"index, follow, max-snippet:-1, max-image-preview:large, max-video-preview:-1\" \/>\n<link rel=\"canonical\" href=\"https:\/\/ipn-headsets.com\/de\/ipn-usb-adapter\/\" \/>\n<meta property=\"og:locale\" content=\"de_DE\" \/>\n<meta property=\"og:type\" content=\"article\" \/>\n<meta property=\"og:title\" content=\"IPN USB ADAPTER - IPN Headsets\" \/>\n<meta property=\"og:description\" content=\"IPN USB ADAPTER\" \/>\n<meta property=\"og:url\" content=\"https:\/\/ipn-headsets.com\/de\/ipn-usb-adapter\/\" \/>\n<meta property=\"og:site_name\" content=\"IPN Headsets\" \/>\n<meta property=\"article:modified_time\" content=\"2021-01-22T12:45:01+00:00\" \/>\n<meta property=\"og:image\" content=\"https:\/\/ipn-headsets.com\/wp-content\/uploads\/2018\/08\/IPN-USB-Adapter-1-300x300.jpg\" \/>\n<meta name=\"twitter:card\" content=\"summary_large_image\" \/>\n<meta name=\"twitter:label1\" content=\"Gesch\u00e4tzte Lesezeit\" \/>\n\t<meta name=\"twitter:data1\" content=\"1\u00a0Minute\" \/>\n<script type=\"application\/ld+json\" class=\"yoast-schema-graph\">{\"@context\":\"https:\\\/\\\/schema.org\",\"@graph\":[{\"@type\":\"WebPage\",\"@id\":\"https:\\\/\\\/ipn-headsets.com\\\/de\\\/ipn-usb-adapter\\\/\",\"url\":\"https:\\\/\\\/ipn-headsets.com\\\/de\\\/ipn-usb-adapter\\\/\",\"name\":\"IPN USB ADAPTER - IPN Headsets\",\"isPartOf\":{\"@id\":\"https:\\\/\\\/ipn-headsets.com\\\/#website\"},\"primaryImageOfPage\":{\"@id\":\"https:\\\/\\\/ipn-headsets.com\\\/de\\\/ipn-usb-adapter\\\/#primaryimage\"},\"image\":{\"@id\":\"https:\\\/\\\/ipn-headsets.com\\\/de\\\/ipn-usb-adapter\\\/#primaryimage\"},\"thumbnailUrl\":\"https:\\\/\\\/ipn-headsets.com\\\/wp-content\\\/uploads\\\/2018\\\/08\\\/IPN-USB-Adapter-1-300x300.jpg\",\"datePublished\":\"2018-10-04T11:59:44+00:00\",\"dateModified\":\"2021-01-22T12:45:01+00:00\",\"description\":\"IPN USB ADAPTER\",\"breadcrumb\":{\"@id\":\"https:\\\/\\\/ipn-headsets.com\\\/de\\\/ipn-usb-adapter\\\/#breadcrumb\"},\"inLanguage\":\"de\",\"potentialAction\":[{\"@type\":\"ReadAction\",\"target\":[\"https:\\\/\\\/ipn-headsets.com\\\/de\\\/ipn-usb-adapter\\\/\"]}]},{\"@type\":\"ImageObject\",\"inLanguage\":\"de\",\"@id\":\"https:\\\/\\\/ipn-headsets.com\\\/de\\\/ipn-usb-adapter\\\/#primaryimage\",\"url\":\"https:\\\/\\\/ipn-headsets.com\\\/wp-content\\\/uploads\\\/2018\\\/08\\\/IPN-USB-Adapter-1-300x300.jpg\",\"contentUrl\":\"https:\\\/\\\/ipn-headsets.com\\\/wp-content\\\/uploads\\\/2018\\\/08\\\/IPN-USB-Adapter-1-300x300.jpg\"},{\"@type\":\"BreadcrumbList\",\"@id\":\"https:\\\/\\\/ipn-headsets.com\\\/de\\\/ipn-usb-adapter\\\/#breadcrumb\",\"itemListElement\":[{\"@type\":\"ListItem\",\"position\":1,\"name\":\"Home\",\"item\":\"https:\\\/\\\/ipn-headsets.com\\\/de\\\/\"},{\"@type\":\"ListItem\",\"position\":2,\"name\":\"IPN USB ADAPTER\"}]},{\"@type\":\"WebSite\",\"@id\":\"https:\\\/\\\/ipn-headsets.com\\\/#website\",\"url\":\"https:\\\/\\\/ipn-headsets.com\\\/\",\"name\":\"IPN Headsets\",\"description\":\"\",\"publisher\":{\"@id\":\"https:\\\/\\\/ipn-headsets.com\\\/#organization\"},\"potentialAction\":[{\"@type\":\"SearchAction\",\"target\":{\"@type\":\"EntryPoint\",\"urlTemplate\":\"https:\\\/\\\/ipn-headsets.com\\\/?s={search_term_string}\"},\"query-input\":{\"@type\":\"PropertyValueSpecification\",\"valueRequired\":true,\"valueName\":\"search_term_string\"}}],\"inLanguage\":\"de\"},{\"@type\":\"Organization\",\"@id\":\"https:\\\/\\\/ipn-headsets.com\\\/#organization\",\"name\":\"IPN Headsets\",\"url\":\"https:\\\/\\\/ipn-headsets.com\\\/\",\"logo\":{\"@type\":\"ImageObject\",\"inLanguage\":\"de\",\"@id\":\"https:\\\/\\\/ipn-headsets.com\\\/#\\\/schema\\\/logo\\\/image\\\/\",\"url\":\"https:\\\/\\\/ipn-headsets.com\\\/wp-content\\\/uploads\\\/2018\\\/06\\\/cropped-logo.jpg\",\"contentUrl\":\"https:\\\/\\\/ipn-headsets.com\\\/wp-content\\\/uploads\\\/2018\\\/06\\\/cropped-logo.jpg\",\"width\":160,\"height\":107,\"caption\":\"IPN Headsets\"},\"image\":{\"@id\":\"https:\\\/\\\/ipn-headsets.com\\\/#\\\/schema\\\/logo\\\/image\\\/\"}}]}<\/script>\n<!-- \/ Yoast SEO plugin. -->","yoast_head_json":{"title":"IPN USB ADAPTER - IPN Headsets","description":"IPN USB ADAPTER","robots":{"index":"index","follow":"follow","max-snippet":"max-snippet:-1","max-image-preview":"max-image-preview:large","max-video-preview":"max-video-preview:-1"},"canonical":"https:\/\/ipn-headsets.com\/de\/ipn-usb-adapter\/","og_locale":"de_DE","og_type":"article","og_title":"IPN USB ADAPTER - IPN Headsets","og_description":"IPN USB ADAPTER","og_url":"https:\/\/ipn-headsets.com\/de\/ipn-usb-adapter\/","og_site_name":"IPN Headsets","article_modified_time":"2021-01-22T12:45:01+00:00","og_image":[{"url":"https:\/\/ipn-headsets.com\/wp-content\/uploads\/2018\/08\/IPN-USB-Adapter-1-300x300.jpg","type":"","width":"","height":""}],"twitter_card":"summary_large_image","twitter_misc":{"Gesch\u00e4tzte Lesezeit":"1\u00a0Minute"},"schema":{"@context":"https:\/\/schema.org","@graph":[{"@type":"WebPage","@id":"https:\/\/ipn-headsets.com\/de\/ipn-usb-adapter\/","url":"https:\/\/ipn-headsets.com\/de\/ipn-usb-adapter\/","name":"IPN USB ADAPTER - IPN Headsets","isPartOf":{"@id":"https:\/\/ipn-headsets.com\/#website"},"primaryImageOfPage":{"@id":"https:\/\/ipn-headsets.com\/de\/ipn-usb-adapter\/#primaryimage"},"image":{"@id":"https:\/\/ipn-headsets.com\/de\/ipn-usb-adapter\/#primaryimage"},"thumbnailUrl":"https:\/\/ipn-headsets.com\/wp-content\/uploads\/2018\/08\/IPN-USB-Adapter-1-300x300.jpg","datePublished":"2018-10-04T11:59:44+00:00","dateModified":"2021-01-22T12:45:01+00:00","description":"IPN USB ADAPTER","breadcrumb":{"@id":"https:\/\/ipn-headsets.com\/de\/ipn-usb-adapter\/#breadcrumb"},"inLanguage":"de","potentialAction":[{"@type":"ReadAction","target":["https:\/\/ipn-headsets.com\/de\/ipn-usb-adapter\/"]}]},{"@type":"ImageObject","inLanguage":"de","@id":"https:\/\/ipn-headsets.com\/de\/ipn-usb-adapter\/#primaryimage","url":"https:\/\/ipn-headsets.com\/wp-content\/uploads\/2018\/08\/IPN-USB-Adapter-1-300x300.jpg","contentUrl":"https:\/\/ipn-headsets.com\/wp-content\/uploads\/2018\/08\/IPN-USB-Adapter-1-300x300.jpg"},{"@type":"BreadcrumbList","@id":"https:\/\/ipn-headsets.com\/de\/ipn-usb-adapter\/#breadcrumb","itemListElement":[{"@type":"ListItem","position":1,"name":"Home","item":"https:\/\/ipn-headsets.com\/de\/"},{"@type":"ListItem","position":2,"name":"IPN USB ADAPTER"}]},{"@type":"WebSite","@id":"https:\/\/ipn-headsets.com\/#website","url":"https:\/\/ipn-headsets.com\/","name":"IPN Headsets","description":"","publisher":{"@id":"https:\/\/ipn-headsets.com\/#organization"},"potentialAction":[{"@type":"SearchAction","target":{"@type":"EntryPoint","urlTemplate":"https:\/\/ipn-headsets.com\/?s={search_term_string}"},"query-input":{"@type":"PropertyValueSpecification","valueRequired":true,"valueName":"search_term_string"}}],"inLanguage":"de"},{"@type":"Organization","@id":"https:\/\/ipn-headsets.com\/#organization","name":"IPN Headsets","url":"https:\/\/ipn-headsets.com\/","logo":{"@type":"ImageObject","inLanguage":"de","@id":"https:\/\/ipn-headsets.com\/#\/schema\/logo\/image\/","url":"https:\/\/ipn-headsets.com\/wp-content\/uploads\/2018\/06\/cropped-logo.jpg","contentUrl":"https:\/\/ipn-headsets.com\/wp-content\/uploads\/2018\/06\/cropped-logo.jpg","width":160,"height":107,"caption":"IPN Headsets"},"image":{"@id":"https:\/\/ipn-headsets.com\/#\/schema\/logo\/image\/"}}]}},"_links":{"self":[{"href":"https:\/\/ipn-headsets.com\/de\/wp-json\/wp\/v2\/pages\/1295","targetHints":{"allow":["GET"]}}],"collection":[{"href":"https:\/\/ipn-headsets.com\/de\/wp-json\/wp\/v2\/pages"}],"about":[{"href":"https:\/\/ipn-headsets.com\/de\/wp-json\/wp\/v2\/types\/page"}],"author":[{"embeddable":true,"href":"https:\/\/ipn-headsets.com\/de\/wp-json\/wp\/v2\/users\/1"}],"replies":[{"embeddable":true,"href":"https:\/\/ipn-headsets.com\/de\/wp-json\/wp\/v2\/comments?post=1295"}],"version-history":[{"count":7,"href":"https:\/\/ipn-headsets.com\/de\/wp-json\/wp\/v2\/pages\/1295\/revisions"}],"predecessor-version":[{"id":2907,"href":"https:\/\/ipn-headsets.com\/de\/wp-json\/wp\/v2\/pages\/1295\/revisions\/2907"}],"wp:attachment":[{"href":"https:\/\/ipn-headsets.com\/de\/wp-json\/wp\/v2\/media?parent=1295"}],"curies":[{"name":"wp","href":"https:\/\/api.w.org\/{rel}","templated":true}]}}