{"id":1421,"date":"2018-10-04T14:50:02","date_gmt":"2018-10-04T14:50:02","guid":{"rendered":"https:\/\/ipn-headsets.com\/datenschutzrichtlinie-der-website\/"},"modified":"2018-10-09T14:10:21","modified_gmt":"2018-10-09T14:10:21","slug":"datenschutzrichtlinie-der-website","status":"publish","type":"page","link":"https:\/\/ipn-headsets.com\/de\/datenschutzrichtlinie-der-website\/","title":{"rendered":"Datenschutzrichtlinie der Website"},"content":{"rendered":"\t\t<div data-elementor-type=\"wp-post\" data-elementor-id=\"1421\" class=\"elementor elementor-1421 elementor-206 elementor-bc-flex-widget\">\n\t\t\t\t\t\t<section class=\"elementor-section elementor-top-section elementor-element elementor-element-69ca680 elementor-section-boxed elementor-section-height-default elementor-section-height-default\" data-id=\"69ca680\" data-element_type=\"section\">\n\t\t\t\t\t\t<div class=\"elementor-container elementor-column-gap-default\">\n\t\t\t\t\t<div class=\"elementor-column elementor-col-100 elementor-top-column elementor-element elementor-element-b816252\" data-id=\"b816252\" data-element_type=\"column\">\n\t\t\t<div class=\"elementor-widget-wrap elementor-element-populated\">\n\t\t\t\t\t\t<div class=\"elementor-element elementor-element-ee50559 elementor-widget elementor-widget-spacer\" data-id=\"ee50559\" data-element_type=\"widget\" data-widget_type=\"spacer.default\">\n\t\t\t\t<div class=\"elementor-widget-container\">\n\t\t\t\t\t<div class=\"elementor-spacer\">\n\t\t\t<div class=\"elementor-spacer-inner\"><\/div>\n\t\t<\/div>\n\t\t\t\t<\/div>\n\t\t\t\t<\/div>\n\t\t\t\t<div class=\"elementor-element elementor-element-39bfb93 elementor-widget elementor-widget-text-editor\" data-id=\"39bfb93\" data-element_type=\"widget\" data-widget_type=\"text-editor.default\">\n\t\t\t\t<div class=\"elementor-widget-container\">\n\t\t\t\t\t\t\t<h4>Datenschutzrichtlinie der Website<\/h4><div class=\"shadow\">\u00a0<\/div><p><span style=\"font-size: 15px;\">Diese Datenschutzrichtlinie legt fest, wie IPN Telecom alle Informationen verwendet und sch\u00fctzt, die Sie IPN Telecom geben, wenn Sie diese Website nutzen.<\/span><\/p><p>IPN Telecom verpflichtet sich, sicherzustellen, dass Ihre Privatsph\u00e4re gesch\u00fctzt ist. Sollten wir Sie bitten, bestimmte Informationen zur Verf\u00fcgung zu stellen, anhand derer Sie bei der Nutzung dieser Website identifiziert werden k\u00f6nnen, k\u00f6nnen Sie sicher sein, dass sie nur in \u00dcbereinstimmung mit dieser Datenschutzerkl\u00e4rung verwendet werden.<\/p><p>IPN Telecom kann diese Richtlinie von Zeit zu Zeit \u00e4ndern, indem sie diese Seite aktualisiert. Sie sollten diese Seite von Zeit zu Zeit \u00fcberpr\u00fcfen, um sicherzustellen, dass Sie mit den \u00c4nderungen zufrieden sind. Diese Richtlinie tritt am 25. Mai 2018 in Kraft.<\/p><p><strong>Was wir sammeln<\/strong><\/p><p>Wir k\u00f6nnen folgende Informationen sammeln:<\/p><ul><li>Name und Berufsbezeichnung<\/li><li>Kontaktinformation einschlie\u00dflich E-Mail-Adresse<br \/>demografische Information wie Postleitzahl, Pr\u00e4ferenzen und Interessen<\/li><li>Andere Information, die f\u00fcr Kundenbefragungen und \/ oder Angebote relevant sind<\/li><\/ul><p><strong>Was machen wir mit den Informationen, die wir sammeln?<\/strong><\/p><p>Wir ben\u00f6tigen diese Informationen, um Ihre Bed\u00fcrfnisse zu verstehen und Ihnen einen besseren Service zu bieten, insbesondere aus den folgenden Gr\u00fcnden:<\/p><ul><li>Interne Aufzeichnung.<\/li><li>Wir k\u00f6nnen die Informationen verwenden, um unsere Produkte und Dienstleistungen zu verbessern.<\/li><li>Wir k\u00f6nnen in regelm\u00e4\u00dfigen Abst\u00e4nden Werbe-E-Mails \u00fcber neue Produkte, Sonderangebote oder andere Informationen senden, von denen wir glauben, dass Sie sie mit der von Ihnen angegebenen E-Mail-Adresse interessant finden.<\/li><li>Von Zeit zu Zeit k\u00f6nnen wir Ihre Informationen auch dazu verwenden, Sie zu Marktforschungszwecken zu kontaktieren. Wir k\u00f6nnen Sie per E-Mail, Telefon, Fax oder Post kontaktieren. Wir k\u00f6nnen die Informationen verwenden, um die Website Ihren Interessen anzupassen.<\/li><\/ul><p><strong>Sicherheit<\/strong><\/p><p>Wir setzen uns daf\u00fcr ein, dass Ihre Information sicher ist. Um unbefugten Zugriff oder unbefugte Weitergabe zu verhindern, haben wir geeignete physische, elektronische und verwaltungstechnische Verfahren eingerichtet, um die online erfassten Informationen zu sch\u00fctzen und zu sichern.<\/p><p><strong>Wie wir Cookies verwenden<\/strong><\/p><p>Ein Cookie ist eine kleine Datei, die um Erlaubnis bittet, auf der Festplatte Ihres Computers abgelegt zu werden. Sobald Sie damit einverstanden sind, wird die Datei hinzugef\u00fcgt und das Cookie hilft, den Web-Traffic zu analysieren oder Sie wissen zu lassen, wann Sie eine bestimmte Site besuchen. Mit Cookies k\u00f6nnen Webanwendungen auf Sie als Einzelperson reagieren. Die Webanwendung kann den Betrieb auf Ihre Bed\u00fcrfnisse, Vorlieben und Abneigungen abstimmen, indem Informationen \u00fcber Ihre Pr\u00e4ferenzen gesammelt und gespeichert werden.<\/p><p>Wir verwenden Traffic-Log-Cookies, um zu ermitteln, welche Seiten verwendet werden. Dies hilft uns, Daten \u00fcber den Webseitenverkehr zu analysieren und unsere Website zu verbessern, um sie an die Kundenbed\u00fcrfnisse anzupassen. Wir verwenden diese Informationen nur f\u00fcr statistische Analysezwecke, und dann werden die Daten aus dem System entfernt.<\/p><p>Insgesamt helfen uns Cookies dabei, Ihnen eine bessere Website zur Verf\u00fcgung zu stellen, indem Sie uns erm\u00f6glichen, zu \u00fcberwachen, welche Seiten Sie n\u00fctzlich finden und welche nicht. Ein Cookie gibt uns in keiner Weise Zugriff auf Ihren Computer oder andere Informationen \u00fcber Sie, abgesehen von den Daten, die Sie uns mitteilen m\u00f6chten.<\/p><p>Sie k\u00f6nnen Cookies akzeptieren oder ablehnen. Die meisten Webbrowser akzeptieren Cookies automatisch, aber Sie k\u00f6nnen Ihre Browsereinstellungen \u00e4ndern, um Cookies abzulehnen, wenn Sie dies bevorzugen. Dies kann dazu f\u00fchren, dass Sie die Website nicht in vollem Umfang nutzen k\u00f6nnen.<\/p><p><strong>Links zu anderen Websites<\/strong><\/p><p>Unsere Website kann Links zu anderen interessanten Websites enthalten. Nachdem Sie diese Links jedoch verwendet haben, um unsere Website zu verlassen, sollten Sie beachten, dass wir keine Kontrolle \u00fcber diese andere Website haben. Daher k\u00f6nnen wir nicht f\u00fcr den Schutz und die Privatsph\u00e4re von Informationen verantwortlich sein, die Sie beim Besuch solcher Websites bereitstellen, und diese Websites unterliegen nicht dieser Datenschutzerkl\u00e4rung. Sie sollten Vorsicht walten lassen und die Datenschutzerkl\u00e4rung f\u00fcr die betreffende Website lesen.<\/p><p><strong>Kontrollieren Sie Ihre pers\u00f6nlichen Informationen<\/strong><\/p><p>Sie k\u00f6nnen die Erfassung oder Verwendung Ihrer pers\u00f6nlichen Daten auf folgende Arten beschr\u00e4nken:<\/p><p>Wenn Sie aufgefordert werden, ein Formular auf der Website auszuf\u00fcllen, suchen Sie nach dem Feld, auf das Sie klicken k\u00f6nnen, um anzugeben, dass die Informationen von niemandem f\u00fcr Direktmarketingzwecke verwendet werden sollen<\/p><p>Wenn Sie zuvor zugestimmt haben, dass wir Ihre pers\u00f6nlichen Daten f\u00fcr Direktmarketingzwecke verwenden, k\u00f6nnen Sie Ihre Meinung jederzeit \u00e4ndern, indem Sie uns schreiben oder eine E-Mail an info@ipn-headsets.com senden<\/p><p>Wir werden Ihre pers\u00f6nlichen Daten nicht an Dritte verkaufen, verteilen oder leasen, es sei denn, wir haben Ihre Erlaubnis dazu oder sind gesetzlich dazu verpflichtet. Wir verwenden m\u00f6glicherweise Ihre pers\u00f6nlichen Informationen, um Ihnen Werbeinformationen \u00fcber Dritte zu senden, die wir f\u00fcr interessant halten, wenn Sie uns mitteilen, dass Sie dies w\u00fcnschen.<\/p><p>Sie k\u00f6nnen Details zu pers\u00f6nlichen Informationen anfordern, die wir \u00fcber Sie gem\u00e4\u00df dem Data Protection Act 1998 besitzen. Eine kleine Geb\u00fchr wird f\u00e4llig. Wenn Sie eine Kopie der Informationen w\u00fcnschen, die bei Ihnen gespeichert sind, schreiben Sie bitte an:<\/p><p>IPN Telecom NV,<\/p><p>Bijsterhuizen 2414, 6604LL, Wijchen, Niederlande<\/p><p>Wenn Sie der Meinung sind, dass Informationen, die wir \u00fcber Sie gespeichert haben, falsch oder unvollst\u00e4ndig sind, schreiben Sie uns bitte oder senden Sie uns so schnell wie m\u00f6glich eine E-Mail an die oben genannte Adresse. Wir werden alle Informationen korrigieren, die sich als falsch herausstellen.<\/p>\t\t\t\t\t\t<\/div>\n\t\t\t\t<\/div>\n\t\t\t\t<div class=\"elementor-element elementor-element-48c3847 elementor-widget elementor-widget-spacer\" data-id=\"48c3847\" data-element_type=\"widget\" data-widget_type=\"spacer.default\">\n\t\t\t\t<div class=\"elementor-widget-container\">\n\t\t\t\t\t<div class=\"elementor-spacer\">\n\t\t\t<div class=\"elementor-spacer-inner\"><\/div>\n\t\t<\/div>\n\t\t\t\t<\/div>\n\t\t\t\t<\/div>\n\t\t\t\t\t<\/div>\n\t\t<\/div>\n\t\t\t\t\t<\/div>\n\t\t<\/section>\n\t\t\t\t<\/div>\n\t\t","protected":false},"excerpt":{"rendered":"<p>Datenschutzrichtlinie der Website \u00a0 Diese Datenschutzrichtlinie legt fest, wie IPN Telecom alle Informationen verwendet und sch\u00fctzt, die Sie IPN Telecom geben, wenn Sie diese Website nutzen. IPN Telecom verpflichtet sich, sicherzustellen, dass Ihre Privatsph\u00e4re gesch\u00fctzt ist. Sollten wir Sie bitten, bestimmte Informationen zur Verf\u00fcgung zu stellen, anhand derer Sie bei der Nutzung dieser Website identifiziert &hellip;<\/p>\n<p class=\"read-more\"> <a class=\"\" href=\"https:\/\/ipn-headsets.com\/de\/datenschutzrichtlinie-der-website\/\"> <span class=\"screen-reader-text\">Datenschutzrichtlinie der Website<\/span> Weiterlesen &raquo;<\/a><\/p>\n","protected":false},"author":1,"featured_media":0,"parent":0,"menu_order":0,"comment_status":"closed","ping_status":"closed","template":"templates\/builder-fullwidth-std.php","meta":{"site-sidebar-layout":"default","site-content-layout":"page-builder","ast-main-header-display":"","ast-hfb-above-header-display":"","ast-hfb-below-header-display":"","ast-hfb-mobile-header-display":"","site-post-title":"","ast-breadcrumbs-content":"","ast-featured-img":"","footer-sml-layout":"","theme-transparent-header-meta":"","adv-header-id-meta":"","stick-header-meta":"","header-above-stick-meta":"","header-main-stick-meta":"","header-below-stick-meta":"","footnotes":""},"class_list":["post-1421","page","type-page","status-publish","hentry"],"yoast_head":"<!-- This site is optimized with the Yoast SEO plugin v27.3 - https:\/\/yoast.com\/product\/yoast-seo-wordpress\/ -->\n<title>Datenschutzrichtlinie der Website - IPN Headsets<\/title>\n<meta name=\"description\" content=\"IPN Headsets Datenschutzrichtlinie der Website\" \/>\n<meta name=\"robots\" content=\"index, follow, max-snippet:-1, max-image-preview:large, max-video-preview:-1\" \/>\n<link rel=\"canonical\" href=\"https:\/\/ipn-headsets.com\/de\/datenschutzrichtlinie-der-website\/\" \/>\n<meta property=\"og:locale\" content=\"de_DE\" \/>\n<meta property=\"og:type\" content=\"article\" \/>\n<meta property=\"og:title\" content=\"Datenschutzrichtlinie der Website - IPN Headsets\" \/>\n<meta property=\"og:description\" content=\"IPN Headsets Datenschutzrichtlinie der Website\" \/>\n<meta property=\"og:url\" content=\"https:\/\/ipn-headsets.com\/de\/datenschutzrichtlinie-der-website\/\" \/>\n<meta property=\"og:site_name\" content=\"IPN Headsets\" \/>\n<meta property=\"article:modified_time\" content=\"2018-10-09T14:10:21+00:00\" \/>\n<meta name=\"twitter:card\" content=\"summary_large_image\" \/>\n<meta name=\"twitter:label1\" content=\"Gesch\u00e4tzte Lesezeit\" \/>\n\t<meta name=\"twitter:data1\" content=\"4\u00a0Minuten\" \/>\n<script type=\"application\/ld+json\" class=\"yoast-schema-graph\">{\"@context\":\"https:\\\/\\\/schema.org\",\"@graph\":[{\"@type\":\"WebPage\",\"@id\":\"https:\\\/\\\/ipn-headsets.com\\\/de\\\/datenschutzrichtlinie-der-website\\\/\",\"url\":\"https:\\\/\\\/ipn-headsets.com\\\/de\\\/datenschutzrichtlinie-der-website\\\/\",\"name\":\"Datenschutzrichtlinie der Website - IPN Headsets\",\"isPartOf\":{\"@id\":\"https:\\\/\\\/ipn-headsets.com\\\/#website\"},\"datePublished\":\"2018-10-04T14:50:02+00:00\",\"dateModified\":\"2018-10-09T14:10:21+00:00\",\"description\":\"IPN Headsets Datenschutzrichtlinie der Website\",\"breadcrumb\":{\"@id\":\"https:\\\/\\\/ipn-headsets.com\\\/de\\\/datenschutzrichtlinie-der-website\\\/#breadcrumb\"},\"inLanguage\":\"de\",\"potentialAction\":[{\"@type\":\"ReadAction\",\"target\":[\"https:\\\/\\\/ipn-headsets.com\\\/de\\\/datenschutzrichtlinie-der-website\\\/\"]}]},{\"@type\":\"BreadcrumbList\",\"@id\":\"https:\\\/\\\/ipn-headsets.com\\\/de\\\/datenschutzrichtlinie-der-website\\\/#breadcrumb\",\"itemListElement\":[{\"@type\":\"ListItem\",\"position\":1,\"name\":\"Home\",\"item\":\"https:\\\/\\\/ipn-headsets.com\\\/de\\\/\"},{\"@type\":\"ListItem\",\"position\":2,\"name\":\"Datenschutzrichtlinie der Website\"}]},{\"@type\":\"WebSite\",\"@id\":\"https:\\\/\\\/ipn-headsets.com\\\/#website\",\"url\":\"https:\\\/\\\/ipn-headsets.com\\\/\",\"name\":\"IPN Headsets\",\"description\":\"\",\"publisher\":{\"@id\":\"https:\\\/\\\/ipn-headsets.com\\\/#organization\"},\"potentialAction\":[{\"@type\":\"SearchAction\",\"target\":{\"@type\":\"EntryPoint\",\"urlTemplate\":\"https:\\\/\\\/ipn-headsets.com\\\/?s={search_term_string}\"},\"query-input\":{\"@type\":\"PropertyValueSpecification\",\"valueRequired\":true,\"valueName\":\"search_term_string\"}}],\"inLanguage\":\"de\"},{\"@type\":\"Organization\",\"@id\":\"https:\\\/\\\/ipn-headsets.com\\\/#organization\",\"name\":\"IPN Headsets\",\"url\":\"https:\\\/\\\/ipn-headsets.com\\\/\",\"logo\":{\"@type\":\"ImageObject\",\"inLanguage\":\"de\",\"@id\":\"https:\\\/\\\/ipn-headsets.com\\\/#\\\/schema\\\/logo\\\/image\\\/\",\"url\":\"https:\\\/\\\/ipn-headsets.com\\\/wp-content\\\/uploads\\\/2018\\\/06\\\/cropped-logo.jpg\",\"contentUrl\":\"https:\\\/\\\/ipn-headsets.com\\\/wp-content\\\/uploads\\\/2018\\\/06\\\/cropped-logo.jpg\",\"width\":160,\"height\":107,\"caption\":\"IPN Headsets\"},\"image\":{\"@id\":\"https:\\\/\\\/ipn-headsets.com\\\/#\\\/schema\\\/logo\\\/image\\\/\"}}]}<\/script>\n<!-- \/ Yoast SEO plugin. -->","yoast_head_json":{"title":"Datenschutzrichtlinie der Website - IPN Headsets","description":"IPN Headsets Datenschutzrichtlinie der Website","robots":{"index":"index","follow":"follow","max-snippet":"max-snippet:-1","max-image-preview":"max-image-preview:large","max-video-preview":"max-video-preview:-1"},"canonical":"https:\/\/ipn-headsets.com\/de\/datenschutzrichtlinie-der-website\/","og_locale":"de_DE","og_type":"article","og_title":"Datenschutzrichtlinie der Website - IPN Headsets","og_description":"IPN Headsets Datenschutzrichtlinie der Website","og_url":"https:\/\/ipn-headsets.com\/de\/datenschutzrichtlinie-der-website\/","og_site_name":"IPN Headsets","article_modified_time":"2018-10-09T14:10:21+00:00","twitter_card":"summary_large_image","twitter_misc":{"Gesch\u00e4tzte Lesezeit":"4\u00a0Minuten"},"schema":{"@context":"https:\/\/schema.org","@graph":[{"@type":"WebPage","@id":"https:\/\/ipn-headsets.com\/de\/datenschutzrichtlinie-der-website\/","url":"https:\/\/ipn-headsets.com\/de\/datenschutzrichtlinie-der-website\/","name":"Datenschutzrichtlinie der Website - IPN Headsets","isPartOf":{"@id":"https:\/\/ipn-headsets.com\/#website"},"datePublished":"2018-10-04T14:50:02+00:00","dateModified":"2018-10-09T14:10:21+00:00","description":"IPN Headsets Datenschutzrichtlinie der Website","breadcrumb":{"@id":"https:\/\/ipn-headsets.com\/de\/datenschutzrichtlinie-der-website\/#breadcrumb"},"inLanguage":"de","potentialAction":[{"@type":"ReadAction","target":["https:\/\/ipn-headsets.com\/de\/datenschutzrichtlinie-der-website\/"]}]},{"@type":"BreadcrumbList","@id":"https:\/\/ipn-headsets.com\/de\/datenschutzrichtlinie-der-website\/#breadcrumb","itemListElement":[{"@type":"ListItem","position":1,"name":"Home","item":"https:\/\/ipn-headsets.com\/de\/"},{"@type":"ListItem","position":2,"name":"Datenschutzrichtlinie der Website"}]},{"@type":"WebSite","@id":"https:\/\/ipn-headsets.com\/#website","url":"https:\/\/ipn-headsets.com\/","name":"IPN Headsets","description":"","publisher":{"@id":"https:\/\/ipn-headsets.com\/#organization"},"potentialAction":[{"@type":"SearchAction","target":{"@type":"EntryPoint","urlTemplate":"https:\/\/ipn-headsets.com\/?s={search_term_string}"},"query-input":{"@type":"PropertyValueSpecification","valueRequired":true,"valueName":"search_term_string"}}],"inLanguage":"de"},{"@type":"Organization","@id":"https:\/\/ipn-headsets.com\/#organization","name":"IPN Headsets","url":"https:\/\/ipn-headsets.com\/","logo":{"@type":"ImageObject","inLanguage":"de","@id":"https:\/\/ipn-headsets.com\/#\/schema\/logo\/image\/","url":"https:\/\/ipn-headsets.com\/wp-content\/uploads\/2018\/06\/cropped-logo.jpg","contentUrl":"https:\/\/ipn-headsets.com\/wp-content\/uploads\/2018\/06\/cropped-logo.jpg","width":160,"height":107,"caption":"IPN Headsets"},"image":{"@id":"https:\/\/ipn-headsets.com\/#\/schema\/logo\/image\/"}}]}},"_links":{"self":[{"href":"https:\/\/ipn-headsets.com\/de\/wp-json\/wp\/v2\/pages\/1421","targetHints":{"allow":["GET"]}}],"collection":[{"href":"https:\/\/ipn-headsets.com\/de\/wp-json\/wp\/v2\/pages"}],"about":[{"href":"https:\/\/ipn-headsets.com\/de\/wp-json\/wp\/v2\/types\/page"}],"author":[{"embeddable":true,"href":"https:\/\/ipn-headsets.com\/de\/wp-json\/wp\/v2\/users\/1"}],"replies":[{"embeddable":true,"href":"https:\/\/ipn-headsets.com\/de\/wp-json\/wp\/v2\/comments?post=1421"}],"version-history":[{"count":3,"href":"https:\/\/ipn-headsets.com\/de\/wp-json\/wp\/v2\/pages\/1421\/revisions"}],"predecessor-version":[{"id":1686,"href":"https:\/\/ipn-headsets.com\/de\/wp-json\/wp\/v2\/pages\/1421\/revisions\/1686"}],"wp:attachment":[{"href":"https:\/\/ipn-headsets.com\/de\/wp-json\/wp\/v2\/media?parent=1421"}],"curies":[{"name":"wp","href":"https:\/\/api.w.org\/{rel}","templated":true}]}}